{"id":715,"date":"2017-05-10T15:46:55","date_gmt":"2017-05-10T08:46:55","guid":{"rendered":"http:\/\/fme.hcmut.edu.vn\/en\/?page_id=715"},"modified":"2024-10-19T18:35:58","modified_gmt":"2024-10-19T11:35:58","slug":"manufacturing-engineening","status":"publish","type":"page","link":"https:\/\/fme.hcmut.edu.vn\/en\/manufacturing-engineening\/","title":{"rendered":"Manufacturing engineering department"},"content":{"rendered":"<h2 style=\"text-align: center;\">TH\u00d4NG TIN TRANG WEB B\u1ed8 M\u00d4N CH\u1ebe T\u1ea0O M\u00c1Y<\/h2>\n<p><strong>T\u00ean ti\u1ebfng Vi\u1ec7t:<\/strong> B\u1ed8 M\u00d4N CH\u1ebe T\u1ea0O M\u00c1Y<\/p>\n<p><strong>T\u00ean ti\u1ebfng Anh:<\/strong> DEPARTMENT OF MANUFACTURING ENGINEERING<\/p>\n<p><strong>T\u1ea7m Nh\u00ecn:<\/strong><\/p>\n<p>B\u1ed9 M\u00f4n Ch\u1ebf T\u1ea1o M\u00e1y c\u00f3 nhi\u1ec7m v\u1ee5 \u0111\u00e0o t\u1ea1o ngu\u1ed3n nh\u00e2n l\u1ef1c tr\u00ecnh \u0111\u1ed9 \u0110\u1ea1i H\u1ecdc, Sau \u0110\u1ea1i H\u1ecdc v\u1ec1 l\u0129nh v\u1ef1c C\u01a1 Kh\u00ed Ch\u1ebf T\u1ea1o c\u0169ng nh\u01b0 ti\u1ebfn h\u00e0nh ho\u1ea1t \u0111\u1ed9ng nghi\u00ean c\u1ee9u khoa h\u1ecdc v\u00e0 chuy\u1ec3n giao c\u00f4ng ngh\u1ec7 ph\u1ee5c v\u1ee5 s\u1ef1 nghi\u1ec7p c\u00f4ng nghi\u1ec7p ho\u00e1 v\u00e0 hi\u1ec7n \u0111\u1ea1i ho\u00e1 \u0111\u1ea5t n\u01b0\u1edbc, \u0111\u1eb7c bi\u1ec7t ph\u1ee5c v\u1ee5 c\u00e1c t\u1ec9nh ph\u00eda Nam.<\/p>\n<p><strong>S\u1ee9 M\u1ea1ng :<\/strong><\/p>\n<p>B\u1ed9 M\u00f4n Ch\u1ebf T\u1ea1o M\u00e1y l\u00e0 B\u1ed9 M\u00f4n m\u1ea1nh c\u1ee7a Khoa C\u01a1 Kh\u00ed v\u00e0 l\u00e0 B\u1ed9 M\u00f4n h\u00e0ng \u0111\u1ea7u trong l\u00e3nh v\u1ef1c C\u01a1 Kh\u00ed c\u1ee7a c\u00e1c t\u1ec9nh ph\u00eda Nam v\u1ec1 Academics, Nghi\u00ean c\u1ee9u khoa h\u1ecdc v\u00e0 chuy\u1ec3n giao c\u00f4ng ngh\u1ec7 v\u1edbi c\u00e1c \u0111\u1eb7c \u0111i\u1ec3m nh\u01b0 sau:<\/p>\n<ul>\n<li>Ch\u01b0\u01a1ng tr\u00ecnh \u0111\u00e0o t\u1ea1o c\u1eadp nh\u1eadt, th\u00edch \u1ee9ng \u0111\u01b0\u1ee3c v\u1edbi c\u00e1c ho\u1ea1t \u0111\u1ed9ng s\u1ea3n xu\u1ea5t.<\/li>\n<li>N\u01a1i ti\u1ebfn h\u00e0nh nhi\u1ec1u h\u01b0\u1edbng nghi\u00ean c\u1ee9u.<\/li>\n<li>\u0110\u01a1n v\u1ecb c\u00f3 uy t\u00edn trong c\u00e1c ho\u1ea1t \u0111\u1ed9ng \u0111\u00e0o t\u1ea1o nh\u00e2n l\u1ef1c ch\u1ea5t l\u01b0\u1ee3ng cao.<\/li>\n<\/ul>\n<p><strong>M\u1ee5c ti\u00eau chi\u1ebfn l\u01b0\u1ee3c:<\/strong><\/p>\n<p>\u0110\u00f3ng g\u00f3p \u0111\u00e1ng k\u1ec3 cho x\u00e3 h\u1ed9i trong c\u00e1c ho\u1ea1t \u0111\u1ed9ng gi\u00e1o d\u1ee5c \u0111\u00e0o t\u1ea1o k\u1ef9 thu\u1eadt ch\u1ea5t l\u01b0\u1ee3ng cao, nghi\u00ean c\u1ee9u khoa h\u1ecdc v\u00e0 chuy\u1ec3n giao c\u00f4ng ngh\u1ec7.<\/p>\n<p><strong>C\u00e1n B\u1ed9 \/ Nh\u00e2n Vi\u00ean:<\/strong><\/p>\n<p><span style=\"color: #0000ff;\">C\u00e1n B\u1ed9 v\u00e0 Nh\u00e2n Vi\u00ean B\u1ed9 m\u00f4n<\/span><\/p>\n<table border=\"1\" width=\"100%\" cellspacing=\"0\" cellpadding=\"0\">\n<tbody>\n<tr>\n<td><\/td>\n<td>C\u00c1N B\u1ed8 \/ NH\u00c2N VI\u00caN<\/td>\n<td>H\u01af\u1edaNG NGHI\u00caN C\u1ee8U CH\u00cdNH<\/td>\n<td>EMAIL<\/td>\n<\/tr>\n<tr>\n<td>1<\/td>\n<td><strong>ThS.TR\u1ea6N V\u0168 <\/strong><strong>AN<\/strong><\/td>\n<td><\/td>\n<td><\/td>\n<\/tr>\n<tr>\n<td>2<\/td>\n<td><strong>ThS.TR\u1ea6N TU\u1ea4N <\/strong><strong>\u0110\u1ea0T<\/strong><\/td>\n<td><\/td>\n<td><\/td>\n<\/tr>\n<tr>\n<td>3<\/td>\n<td><strong>ThS.<\/strong><strong>L\u00ca QU\u00dd \u0110\u1ee8C<\/strong><\/td>\n<td><\/td>\n<td><\/td>\n<\/tr>\n<tr>\n<td>4<\/td>\n<td><strong>PGS.TS TH\u00c1I TH\u1eca THU <\/strong><strong>H\u00c0<\/strong><\/td>\n<td><\/td>\n<td><\/td>\n<\/tr>\n<tr>\n<td>5<\/td>\n<td><strong>ThS.HU\u1ef2NH NG\u1eccC <\/strong><strong>HI\u1ec6P<\/strong><\/td>\n<td><\/td>\n<td><\/td>\n<\/tr>\n<tr>\n<td>6<\/td>\n<td><strong>KS. HO\u00c0NG LANH<\/strong><\/td>\n<td><\/td>\n<td><\/td>\n<\/tr>\n<tr>\n<td>7<\/td>\n<td><strong>ThS.PHAN HO\u00c0NG <\/strong><strong>LONG<\/strong><\/td>\n<td><\/td>\n<td><\/td>\n<\/tr>\n<tr>\n<td>8<\/td>\n<td><strong>ThS.HU\u1ef2NH H\u1eeeU <\/strong><strong>NGH\u1eca<\/strong><\/td>\n<td><\/td>\n<td><\/td>\n<\/tr>\n<tr>\n<td>9<\/td>\n<td><strong>TS. T\u00d4N THI\u1ec6N <\/strong><strong>PH\u01af\u01a0NG<\/strong><\/td>\n<td><\/td>\n<td><\/td>\n<\/tr>\n<tr>\n<td>10<\/td>\n<td><strong>TS. TR\u1ea6N NGUY\u00caN DUY <\/strong><strong>PH\u01af\u01a0NG<\/strong><\/td>\n<td><\/td>\n<td><\/td>\n<\/tr>\n<tr>\n<td>11<\/td>\n<td><strong>ThS.NGUY\u1ec4N TH\u00c0NH <\/strong><strong>QU\u1ea2<\/strong><\/td>\n<td><\/td>\n<td><\/td>\n<\/tr>\n<tr>\n<td>12<\/td>\n<td><strong>ThS.NGUY\u1ec4N L\u00ca <\/strong><strong>QUANG<\/strong><\/td>\n<td><\/td>\n<td><\/td>\n<\/tr>\n<tr>\n<td>13<\/td>\n<td><strong>PGS.TS TR\u1ea6N DO\u00c3N <\/strong><strong>S\u01a0N<\/strong><\/td>\n<td><\/td>\n<td><\/td>\n<\/tr>\n<tr>\n<td>14<\/td>\n<td><strong>TS. TR\u1ea6N ANH <\/strong><strong>S\u01a0N<\/strong><\/td>\n<td><\/td>\n<td><\/td>\n<\/tr>\n<tr>\n<td>15<\/td>\n<td><strong>TS. TR\u01af\u01a0NG QU\u1ed0C <\/strong><strong>THANH<\/strong><\/td>\n<td><\/td>\n<td><\/td>\n<\/tr>\n<tr>\n<td>16<\/td>\n<td><strong>ThS.NGUY\u1ec4N V\u0102N <\/strong><strong>TH\u00c0NH<\/strong><\/td>\n<td><\/td>\n<td><\/td>\n<\/tr>\n<tr>\n<td>17<\/td>\n<td><strong>ThS.<\/strong><strong>PH\u00d9NG CH\u00c2N TH\u00c0NH<\/strong><\/td>\n<td><\/td>\n<td><\/td>\n<\/tr>\n<tr>\n<td>18<\/td>\n<td><strong>PGS.TS PH\u1ea0M NG\u1eccC <\/strong><strong>TU\u1ea4N<\/strong><\/td>\n<td><\/td>\n<td><\/td>\n<\/tr>\n<tr>\n<td>19<\/td>\n<td><strong>TC. NGUY\u1ec4N TH\u1eca HUY\u1ec0N TRANG<\/strong><\/td>\n<td><\/td>\n<td><\/td>\n<\/tr>\n<\/tbody>\n<\/table>\n<p><strong>\u0110\u00e0o T\u1ea1o \u0110\u1ea1i H\u1ecdc:<\/strong><\/p>\n<p><span style=\"color: #0000ff;\">Lectures \u0110\u1ea1i H\u1ecdc<\/span><\/p>\n<table border=\"1\" width=\"100%\" cellspacing=\"0\" cellpadding=\"0\">\n<tbody>\n<tr>\n<td><\/td>\n<td>T\u00caN M\u00d4N H\u1eccC<\/td>\n<td>N\u1ed8I DUNG T\u00d3M T\u1eaeT M\u00d4N H\u1eccC<\/td>\n<\/tr>\n<tr>\n<td>1<\/td>\n<td><strong>M\u00f4i tr\u01b0\u1eddng v\u00e0 con ng\u01b0\u1eddi<\/strong><\/td>\n<td><strong>\u00a0<\/strong><\/td>\n<\/tr>\n<tr>\n<td>2<\/td>\n<td><strong>K\u1ef9 thu\u1eadt th\u1ee7y l\u1ef1c v\u00e0 kh\u00ed n\u00e9n<\/strong><\/td>\n<td><strong>\u00a0<\/strong><\/td>\n<\/tr>\n<tr>\n<td>3<\/td>\n<td><strong>Dung sai v\u00e0 k\u1ef9 thu\u1eadt \u0111o<\/strong><\/td>\n<td><strong>\u00a0<\/strong><\/td>\n<\/tr>\n<tr>\n<td>4<\/td>\n<td><strong>C\u00e1c ph\u01b0\u01a1ng ph\u00e1p gia c\u00f4ng<\/strong><\/td>\n<td><strong>\u00a0<\/strong><\/td>\n<\/tr>\n<tr>\n<td>5<\/td>\n<td><strong>Nh\u1eadp m\u00f4n v\u1ec1 k\u1ef9 thu\u1eadt<\/strong><\/td>\n<td><strong>\u00a0<\/strong><\/td>\n<\/tr>\n<tr>\n<td>6<\/td>\n<td><strong>C\u01a1 kh\u00ed \u0111\u1ea1i c\u01b0\u01a1ng<\/strong><\/td>\n<td><strong>\u00a0<\/strong><\/td>\n<\/tr>\n<tr>\n<td>7<\/td>\n<td><strong>K\u1ef9 thu\u1eadt ch\u1ebf t\u1ea1o 1<\/strong><\/td>\n<td><strong>\u00a0<\/strong><\/td>\n<\/tr>\n<tr>\n<td>8<\/td>\n<td><strong>K\u1ef9 thu\u1eadt ch\u1ebf t\u1ea1o 2<\/strong><\/td>\n<td><strong>\u00a0<\/strong><\/td>\n<\/tr>\n<tr>\n<td>9<\/td>\n<td><strong>K\u1ef9 thu\u1eadt ch\u1ebf t\u1ea1o 3<\/strong><\/td>\n<td><strong>\u00a0<\/strong><\/td>\n<\/tr>\n<tr>\n<td>10<\/td>\n<td><strong>CAD\/CAM<\/strong><\/td>\n<td><strong>\u00a0<\/strong><\/td>\n<\/tr>\n<tr>\n<td>11<\/td>\n<td><strong>\u0110\u1ed3 \u00e1n k\u1ef9 thu\u1eadt ch\u1ebf t\u1ea1o<\/strong><\/td>\n<td><strong>\u00a0<\/strong><\/td>\n<\/tr>\n<tr>\n<td>12<\/td>\n<td><strong>C\u00e1c ph\u01b0\u01a1ng ph\u00e1p gia c\u00f4ng \u0111\u1eb7c bi\u1ec7t<\/strong><\/td>\n<td><strong>\u00a0<\/strong><\/td>\n<\/tr>\n<tr>\n<td>13<\/td>\n<td><strong>M\u00e1y c\u00f4ng c\u1ee5<\/strong><\/td>\n<td><strong>\u00a0<\/strong><\/td>\n<\/tr>\n<tr>\n<td>14<\/td>\n<td><strong>Thi\u1ebft k\u1ebf d\u1ee5ng c\u1ee5 c\u1eaft kim lo\u1ea1i<\/strong><\/td>\n<td><strong>\u00a0<\/strong><\/td>\n<\/tr>\n<tr>\n<td>15<\/td>\n<td><strong>Qu\u1ea3n l\u00fd b\u1ea3o tr\u00ec c\u00f4ng nghi\u1ec7p<\/strong><\/td>\n<td><strong>\u00a0<\/strong><\/td>\n<\/tr>\n<tr>\n<td>16<\/td>\n<td><strong>C\u00f4ng ngh\u1ec7 v\u1eadt li\u1ec7u nh\u1ef1a v\u00e0 gia c\u00f4ng khu\u00f4n m\u1eabu<\/strong><\/td>\n<td><strong>\u00a0<\/strong><\/td>\n<\/tr>\n<tr>\n<td>17<\/td>\n<td><strong>T\u1ea1o m\u1eabu nhanh<\/strong><\/td>\n<td><strong>\u00a0<\/strong><\/td>\n<\/tr>\n<tr>\n<td>18<\/td>\n<td><strong>\u0110\u1ea3m b\u1ea3o ch\u1ea5t l\u01b0\u1ee3ng<\/strong><\/td>\n<td><strong>\u00a0<\/strong><\/td>\n<\/tr>\n<tr>\n<td>19<\/td>\n<td><strong>C\u00e1c c\u1ea3m bi\u1ebfn<\/strong><\/td>\n<td><\/td>\n<\/tr>\n<tr>\n<td>20<\/td>\n<td><strong>K\u1ef9 thu\u1eadt ma s\u00e1t<\/strong><\/td>\n<td><\/td>\n<\/tr>\n<tr>\n<td>21<\/td>\n<td><strong>K\u1ef9 thu\u1eadt m\u00f4 ph\u1ecfng<\/strong><\/td>\n<td><\/td>\n<\/tr>\n<tr>\n<td>22<\/td>\n<td><strong>K\u1ef9 thu\u1eadt x\u1eed l\u00fd \u1ea3nh<\/strong><\/td>\n<td><\/td>\n<\/tr>\n<tr>\n<td>23<\/td>\n<td><strong>Thi\u1ebft k\u1ebf \u0111\u1ea3m b\u1ea3o kh\u1ea3 n\u0103ng ch\u1ebf t\u1ea1o v\u00e0 l\u1eafp r\u00e1p<\/strong><\/td>\n<td><\/td>\n<\/tr>\n<tr>\n<td>24<\/td>\n<td><strong>K\u1ef9 thu\u1eadt CNC<\/strong><\/td>\n<td><\/td>\n<\/tr>\n<tr>\n<td>25<\/td>\n<td><strong>Ki\u1ec3m tra kh\u00f4ng ph\u00e1 h\u1ee7y<\/strong><\/td>\n<td><\/td>\n<\/tr>\n<tr>\n<td>26<\/td>\n<td><strong>C\u00f4ng ngh\u1ec7 PLC v\u00e0 SCADA<\/strong><\/td>\n<td><\/td>\n<\/tr>\n<tr>\n<td>27<\/td>\n<td><strong>C\u00f4ng ngh\u1ec7 v\u00e0 thi\u1ebft b\u1ecb gia c\u00f4ng ch\u00ednh x\u00e1c<\/strong><\/td>\n<td><\/td>\n<\/tr>\n<tr>\n<td>28<\/td>\n<td><strong>T\u1ef1 \u0111\u1ed9ng h\u00f3a s\u1ea3n xu\u1ea5t<\/strong><\/td>\n<td><\/td>\n<\/tr>\n<tr>\n<td>29<\/td>\n<td><strong>Ph\u01b0\u01a1ng ph\u00e1p ph\u1ea7n t\u1eed h\u1eefu h\u1ea1n<\/strong><\/td>\n<td><\/td>\n<\/tr>\n<tr>\n<td>30<\/td>\n<td><strong>MEMS<\/strong><\/td>\n<td><\/td>\n<\/tr>\n<tr>\n<td>31<\/td>\n<td><strong>K\u1ef9 thu\u1eadt an to\u00e0n<\/strong><\/td>\n<td><\/td>\n<\/tr>\n<tr>\n<td>32<\/td>\n<td><strong>K\u1ef9 thu\u1eadt \u0111\u00fac kim lo\u1ea1i<\/strong><\/td>\n<td><\/td>\n<\/tr>\n<tr>\n<td>33<\/td>\n<td><strong>K\u1ef9 thu\u1eadt c\u00e1n kim lo\u1ea1i<\/strong><\/td>\n<td><\/td>\n<\/tr>\n<tr>\n<td>34<\/td>\n<td><strong>L\u1ef1a ch\u1ecdn v\u1eadt li\u1ec7u trong k\u1ef9 thu\u1eadt c\u01a1 kh\u00ed<\/strong><\/td>\n<td><\/td>\n<\/tr>\n<tr>\n<td>35<\/td>\n<td><strong>C\u01a1 s\u1edf k\u1ef9 thu\u1eadt khu\u00f4n trong t\u1ea1o h\u00ecnh kim lo\u1ea1i<\/strong><\/td>\n<td><\/td>\n<\/tr>\n<tr>\n<td>36<\/td>\n<td><strong>K\u1ef9 thu\u1eadt h\u00e0n<\/strong><\/td>\n<td><\/td>\n<\/tr>\n<\/tbody>\n<\/table>\n<p><strong>\u0110\u00e0o T\u1ea1o Sau \u0110\u1ea1i H\u1ecdc:<\/strong><\/p>\n<p><span style=\"color: #0000ff;\">Lectures Sau \u0110\u1ea1i H\u1ecdc<\/span><\/p>\n<table border=\"1\" width=\"100%\" cellspacing=\"0\" cellpadding=\"0\">\n<tbody>\n<tr>\n<td><\/td>\n<td>T\u00caN M\u00d4N H\u1eccC<\/td>\n<td>N\u1ed8I DUNG T\u00d3M T\u1eaeT M\u00d4N H\u1eccC<\/td>\n<\/tr>\n<tr>\n<td>1<\/td>\n<td><strong>\u0110o l\u01b0\u1eddng n\u00e2ng cao<\/strong><\/td>\n<td><strong>\u00a0<\/strong><\/td>\n<\/tr>\n<tr>\n<td>2<\/td>\n<td><strong>C\u00f4ng ngh\u1ec7 v\u1eadt li\u1ec7u nh\u1ef1a v\u00e0 khu\u00f4n m\u1eabu<\/strong><\/td>\n<td><strong>\u00a0<\/strong><\/td>\n<\/tr>\n<tr>\n<td>3<\/td>\n<td><strong>C\u00e1c ph\u01b0\u01a1ng ph\u00e1p gia c\u00f4ng ti\u00ean ti\u1ebfn<\/strong><\/td>\n<td><strong>\u00a0<\/strong><\/td>\n<\/tr>\n<tr>\n<td>4<\/td>\n<td><strong>K\u1ef9 thu\u1eadt chu\u1ea9n \u0111o\u00e1n v\u00e0 gi\u00e1m s\u00e1t t\u00ecnh tr\u1ea1ng<\/strong><\/td>\n<td><strong>\u00a0<\/strong><\/td>\n<\/tr>\n<tr>\n<td>5<\/td>\n<td><strong>S\u1ea3n xu\u1ea5t tinh g\u1ecdn<\/strong><\/td>\n<td><strong>\u00a0<\/strong><\/td>\n<\/tr>\n<tr>\n<td>6<\/td>\n<td><strong>H\u1ec7 th\u1ed1ng th\u00f4ng minh<\/strong><\/td>\n<td><strong>\u00a0<\/strong><\/td>\n<\/tr>\n<tr>\n<td>7<\/td>\n<td><strong>H\u1ec7 th\u1ed1ng s\u1ea3n xu\u1ea5t ti\u00ean ti\u1ebfn<\/strong><\/td>\n<td><strong>\u00a0<\/strong><\/td>\n<\/tr>\n<tr>\n<td>8<\/td>\n<td><strong>K\u1ef9 thu\u1eadt m\u00f4 ph\u1ecfng<\/strong><\/td>\n<td><strong>\u00a0<\/strong><\/td>\n<\/tr>\n<tr>\n<td>9<\/td>\n<td><strong>K\u1ef9 thu\u1eadt m\u00f4 ph\u1ecfng c\u00e1c qu\u00e1 tr\u00ecnh ch\u1ebf t\u1ea1o<\/strong><\/td>\n<td><strong>\u00a0<\/strong><\/td>\n<\/tr>\n<tr>\n<td>10<\/td>\n<td><strong>H\u1ec7 th\u1ed1ng th\u1ee7y l\u1ef1c v\u00e0 kh\u00ed n\u00e9n n\u00e2ng cao<\/strong><\/td>\n<td><strong>\u00a0<\/strong><\/td>\n<\/tr>\n<tr>\n<td>11<\/td>\n<td><strong>K\u1ef9 thu\u1eadt m\u00f4 ph\u1ecfng c\u00e1c h\u1ec7 th\u1ed1ng s\u1ea3n xu\u1ea5t<\/strong><\/td>\n<td><strong>\u00a0<\/strong><\/td>\n<\/tr>\n<tr>\n<td>12<\/td>\n<td><strong>Ma s\u00e1t h\u1ecdc<\/strong><\/td>\n<td><strong>\u00a0<\/strong><\/td>\n<\/tr>\n<tr>\n<td>13<\/td>\n<td><strong>H\u1ec7 th\u1ed1ng micro v\u00e0 nano<\/strong><\/td>\n<td><strong>\u00a0<\/strong><\/td>\n<\/tr>\n<tr>\n<td>14<\/td>\n<td><strong>K\u1ef9 thu\u1eadt ch\u1ebf t\u1ea1o micro v\u00e0 nano<\/strong><\/td>\n<td><strong>\u00a0<\/strong><\/td>\n<\/tr>\n<tr>\n<td>15<\/td>\n<td><strong>K\u1ef9 thu\u1eadt ng\u01b0\u1ee3c<\/strong><\/td>\n<td><strong>\u00a0<\/strong><\/td>\n<\/tr>\n<tr>\n<td>16<\/td>\n<td><strong>CAD\/CAM n\u00e2ng cao<\/strong><\/td>\n<td><strong>\u00a0<\/strong><\/td>\n<\/tr>\n<tr>\n<td>17<\/td>\n<td><strong>\u0110\u1ed9ng l\u1ef1c h\u1ecdc l\u01b0u ch\u1ea5t n\u00e2ng cao<\/strong><\/td>\n<td><strong>\u00a0<\/strong><\/td>\n<\/tr>\n<tr>\n<td>18<\/td>\n<td><strong>L\u00fd thuy\u1ebft gia c\u00f4ng kim lo\u1ea1i<\/strong><\/td>\n<td><strong>\u00a0<\/strong><\/td>\n<\/tr>\n<tr>\n<td>19<\/td>\n<td><strong>K\u1ef9 thu\u1eadt dao \u0111\u1ed9ng n\u00e2ng cao<\/strong><\/td>\n<td><\/td>\n<\/tr>\n<tr>\n<td>20<\/td>\n<td><strong>V\u1eadt li\u1ec7u composite n\u00e2ng cao<\/strong><\/td>\n<td><\/td>\n<\/tr>\n<tr>\n<td>21<\/td>\n<td><strong>Thi\u1ebft k\u1ebf v\u00e0 ph\u00e2n t\u00edch theo \u0111\u1ed9 tin c\u1eady<\/strong><\/td>\n<td><\/td>\n<\/tr>\n<tr>\n<td>22<\/td>\n<td><strong>Ph\u01b0\u01a1ng ph\u00e1p t\u00ednh n\u00e2ng cao<\/strong><\/td>\n<td><\/td>\n<\/tr>\n<\/tbody>\n<\/table>\n","protected":false},"excerpt":{"rendered":"<p>TH\u00d4NG TIN TRANG WEB B\u1ed8 M\u00d4N CH\u1ebe T\u1ea0O M\u00c1Y T\u00ean ti\u1ebfng Vi\u1ec7t: B\u1ed8 M\u00d4N CH\u1ebe T\u1ea0O M\u00c1Y T\u00ean ti\u1ebfng Anh: DEPARTMENT OF MANUFACTURING ENGINEERING T\u1ea7m Nh\u00ecn: B\u1ed9 M\u00f4n Ch\u1ebf T\u1ea1o M\u00e1y c\u00f3 nhi\u1ec7m v\u1ee5 \u0111\u00e0o t\u1ea1o ngu\u1ed3n nh\u00e2n l\u1ef1c tr\u00ecnh [&hellip;]<\/p>\n","protected":false},"author":1,"featured_media":0,"parent":0,"menu_order":0,"comment_status":"closed","ping_status":"closed","template":"","meta":{"footnotes":""},"class_list":["post-715","page","type-page","status-publish","hentry"],"yoast_head":"<!-- This site is optimized with the Yoast SEO plugin v23.5 - https:\/\/yoast.com\/wordpress\/plugins\/seo\/ -->\n<title>Manufacturing engineering department<\/title>\n<meta name=\"robots\" content=\"noindex, follow, max-snippet:-1, max-image-preview:large, max-video-preview:-1\" \/>\n<meta property=\"og:locale\" content=\"en_US\" \/>\n<meta property=\"og:type\" content=\"article\" \/>\n<meta property=\"og:title\" content=\"Manufacturing engineering department\" \/>\n<meta property=\"og:description\" content=\"TH\u00d4NG TIN TRANG WEB B\u1ed8 M\u00d4N CH\u1ebe T\u1ea0O M\u00c1Y T\u00ean ti\u1ebfng Vi\u1ec7t: B\u1ed8 M\u00d4N CH\u1ebe T\u1ea0O M\u00c1Y T\u00ean ti\u1ebfng Anh: DEPARTMENT OF MANUFACTURING ENGINEERING T\u1ea7m Nh\u00ecn: B\u1ed9 M\u00f4n Ch\u1ebf T\u1ea1o M\u00e1y c\u00f3 nhi\u1ec7m v\u1ee5 \u0111\u00e0o t\u1ea1o ngu\u1ed3n nh\u00e2n l\u1ef1c tr\u00ecnh [&hellip;]\" \/>\n<meta property=\"og:url\" content=\"https:\/\/fme.hcmut.edu.vn\/en\/manufacturing-engineening\/\" \/>\n<meta property=\"og:site_name\" content=\"The faculty of Mechanical Engineering, HCMC University of Technology\" \/>\n<meta property=\"article:modified_time\" content=\"2024-10-19T11:35:58+00:00\" \/>\n<meta name=\"twitter:card\" content=\"summary_large_image\" \/>\n<meta name=\"twitter:label1\" content=\"Est. reading time\" \/>\n\t<meta name=\"twitter:data1\" content=\"4 minutes\" \/>\n<script type=\"application\/ld+json\" class=\"yoast-schema-graph\">{\"@context\":\"https:\/\/schema.org\",\"@graph\":[{\"@type\":\"WebPage\",\"@id\":\"https:\/\/fme.hcmut.edu.vn\/en\/manufacturing-engineening\/\",\"url\":\"https:\/\/fme.hcmut.edu.vn\/en\/manufacturing-engineening\/\",\"name\":\"Manufacturing engineering department\",\"isPartOf\":{\"@id\":\"https:\/\/fme.hcmut.edu.vn\/en\/#website\"},\"datePublished\":\"2017-05-10T08:46:55+00:00\",\"dateModified\":\"2024-10-19T11:35:58+00:00\",\"breadcrumb\":{\"@id\":\"https:\/\/fme.hcmut.edu.vn\/en\/manufacturing-engineening\/#breadcrumb\"},\"inLanguage\":\"en-US\",\"potentialAction\":[{\"@type\":\"ReadAction\",\"target\":[\"https:\/\/fme.hcmut.edu.vn\/en\/manufacturing-engineening\/\"]}]},{\"@type\":\"BreadcrumbList\",\"@id\":\"https:\/\/fme.hcmut.edu.vn\/en\/manufacturing-engineening\/#breadcrumb\",\"itemListElement\":[{\"@type\":\"ListItem\",\"position\":1,\"name\":\"Home\",\"item\":\"https:\/\/fme.hcmut.edu.vn\/en\/\"},{\"@type\":\"ListItem\",\"position\":2,\"name\":\"Manufacturing engineering department\"}]},{\"@type\":\"WebSite\",\"@id\":\"https:\/\/fme.hcmut.edu.vn\/en\/#website\",\"url\":\"https:\/\/fme.hcmut.edu.vn\/en\/\",\"name\":\"The faculty of Mechanical Engineering, HCMC University of Technology\",\"description\":\"\",\"potentialAction\":[{\"@type\":\"SearchAction\",\"target\":{\"@type\":\"EntryPoint\",\"urlTemplate\":\"https:\/\/fme.hcmut.edu.vn\/en\/?s={search_term_string}\"},\"query-input\":{\"@type\":\"PropertyValueSpecification\",\"valueRequired\":true,\"valueName\":\"search_term_string\"}}],\"inLanguage\":\"en-US\"}]}<\/script>\n<!-- \/ Yoast SEO plugin. -->","yoast_head_json":{"title":"Manufacturing engineering department","robots":{"index":"noindex","follow":"follow","max-snippet":"max-snippet:-1","max-image-preview":"max-image-preview:large","max-video-preview":"max-video-preview:-1"},"og_locale":"en_US","og_type":"article","og_title":"Manufacturing engineering department","og_description":"TH\u00d4NG TIN TRANG WEB B\u1ed8 M\u00d4N CH\u1ebe T\u1ea0O M\u00c1Y T\u00ean ti\u1ebfng Vi\u1ec7t: B\u1ed8 M\u00d4N CH\u1ebe T\u1ea0O M\u00c1Y T\u00ean ti\u1ebfng Anh: DEPARTMENT OF MANUFACTURING ENGINEERING T\u1ea7m Nh\u00ecn: B\u1ed9 M\u00f4n Ch\u1ebf T\u1ea1o M\u00e1y c\u00f3 nhi\u1ec7m v\u1ee5 \u0111\u00e0o t\u1ea1o ngu\u1ed3n nh\u00e2n l\u1ef1c tr\u00ecnh [&hellip;]","og_url":"https:\/\/fme.hcmut.edu.vn\/en\/manufacturing-engineening\/","og_site_name":"The faculty of Mechanical Engineering, HCMC University of Technology","article_modified_time":"2024-10-19T11:35:58+00:00","twitter_card":"summary_large_image","twitter_misc":{"Est. reading time":"4 minutes"},"schema":{"@context":"https:\/\/schema.org","@graph":[{"@type":"WebPage","@id":"https:\/\/fme.hcmut.edu.vn\/en\/manufacturing-engineening\/","url":"https:\/\/fme.hcmut.edu.vn\/en\/manufacturing-engineening\/","name":"Manufacturing engineering department","isPartOf":{"@id":"https:\/\/fme.hcmut.edu.vn\/en\/#website"},"datePublished":"2017-05-10T08:46:55+00:00","dateModified":"2024-10-19T11:35:58+00:00","breadcrumb":{"@id":"https:\/\/fme.hcmut.edu.vn\/en\/manufacturing-engineening\/#breadcrumb"},"inLanguage":"en-US","potentialAction":[{"@type":"ReadAction","target":["https:\/\/fme.hcmut.edu.vn\/en\/manufacturing-engineening\/"]}]},{"@type":"BreadcrumbList","@id":"https:\/\/fme.hcmut.edu.vn\/en\/manufacturing-engineening\/#breadcrumb","itemListElement":[{"@type":"ListItem","position":1,"name":"Home","item":"https:\/\/fme.hcmut.edu.vn\/en\/"},{"@type":"ListItem","position":2,"name":"Manufacturing engineering department"}]},{"@type":"WebSite","@id":"https:\/\/fme.hcmut.edu.vn\/en\/#website","url":"https:\/\/fme.hcmut.edu.vn\/en\/","name":"The faculty of Mechanical Engineering, HCMC University of Technology","description":"","potentialAction":[{"@type":"SearchAction","target":{"@type":"EntryPoint","urlTemplate":"https:\/\/fme.hcmut.edu.vn\/en\/?s={search_term_string}"},"query-input":{"@type":"PropertyValueSpecification","valueRequired":true,"valueName":"search_term_string"}}],"inLanguage":"en-US"}]}},"_links":{"self":[{"href":"https:\/\/fme.hcmut.edu.vn\/en\/wp-json\/wp\/v2\/pages\/715"}],"collection":[{"href":"https:\/\/fme.hcmut.edu.vn\/en\/wp-json\/wp\/v2\/pages"}],"about":[{"href":"https:\/\/fme.hcmut.edu.vn\/en\/wp-json\/wp\/v2\/types\/page"}],"author":[{"embeddable":true,"href":"https:\/\/fme.hcmut.edu.vn\/en\/wp-json\/wp\/v2\/users\/1"}],"replies":[{"embeddable":true,"href":"https:\/\/fme.hcmut.edu.vn\/en\/wp-json\/wp\/v2\/comments?post=715"}],"version-history":[{"count":0,"href":"https:\/\/fme.hcmut.edu.vn\/en\/wp-json\/wp\/v2\/pages\/715\/revisions"}],"wp:attachment":[{"href":"https:\/\/fme.hcmut.edu.vn\/en\/wp-json\/wp\/v2\/media?parent=715"}],"curies":[{"name":"wp","href":"https:\/\/api.w.org\/{rel}","templated":true}]}}