{"id":744,"date":"2017-05-10T23:28:13","date_gmt":"2017-05-10T16:28:13","guid":{"rendered":"http:\/\/fme.hcmut.edu.vn\/en\/?page_id=744"},"modified":"2025-10-31T15:29:16","modified_gmt":"2025-10-31T08:29:16","slug":"practical-training-unit","status":"publish","type":"page","link":"https:\/\/fme.hcmut.edu.vn\/en\/practical-training-unit\/","title":{"rendered":"Practical Training Unit"},"content":{"rendered":"<p><strong>I. History and Development:<\/strong><\/p>\n<p>The Practical Training Unit is located in Building C1 and functions as a department within the Faculty of Mechanical Engineering at the Ho Chi Minh City University of Technology (HCMUT) of the Vietnam National University (VNU) in Ho Chi Minh City, Vietnam.<\/p>\n<p>In response to the mechanical practice course requirements across all university training programs, a section of the Manufacturing Engineering Department was separated in 1985 and combined with several related workshops. These included the C5 Mechanical Workshop of the Mechanical Engineering Faculty, the Foundry and Pattern-Making Workshops of the Foundry and Metallurgy Department, and the Power Engineering Faculty&#8217;s Automotive Workshop. This formed the Practical Training Unit of the Mechanical Engineering Faculty, as approved by the University Board of Resident.<\/p>\n<p>Currently, due to the organizational structure of the faculty and changes in the curricula, the Practical Training Unit operates as a unit equivalent to a non-major department. The unit is responsible for managing and organizing the teaching of mechanical practice courses for all programs at Ho Chi Minh City University of Technology that include modules related to mechanical manufacturing practice.<\/p>\n<p><strong>II. Personnel of the Practical Training Unit<\/strong><\/p>\n<p><strong>1. Regular Faculty Members<\/strong><\/p>\n<table style=\"width: 86.0712%;\">\n<tbody>\n<tr>\n<td style=\"text-align: center; width: 16.0714%;\"><strong>Portrait photo<\/strong><\/td>\n<td style=\"text-align: center; width: 10%;\"><strong>Full name<\/strong><\/td>\n<td style=\"text-align: center; width: 10.5952%;\"><strong>Academic title<\/strong><\/td>\n<td style=\"text-align: center; width: 15.4762%;\"><strong>Responsibilities<\/strong><\/td>\n<td style=\"text-align: center; width: 7.48137%;\"><strong>Expertise\/ Research direction <\/strong><\/td>\n<td style=\"text-align: center; width: 24.3543%;\"><strong>Courses<\/strong><\/td>\n<\/tr>\n<tr>\n<td style=\"width: 16.0714%;\"><img loading=\"lazy\" decoding=\"async\" width=\"500\" height=\"637\" class=\"wp-image-1324\" src=\"http:\/\/fme.hcmut.edu.vn\/en\/wp-content\/uploads\/2025\/10\/word-image-744-1.jpeg\" \/><\/td>\n<td style=\"width: 10%;\">\u0110\u1ed7 Hu\u1ef3nh Nh\u1eadt<\/td>\n<td style=\"width: 10.5952%;\">Eng.<\/td>\n<td style=\"width: 15.4762%;\">Head of the practical training unit<\/td>\n<td style=\"width: 7.48137%;\">Industrial Electricity Automation Hydraulics &amp; Pneumatics Mechanical Machining<\/td>\n<td style=\"width: 24.3543%;\">General Mechanical Engineering Practice 1&amp;2 Manufacturing Engineering Practice Worker\u2019s Practical training<\/td>\n<\/tr>\n<tr>\n<td style=\"width: 16.0714%;\"><img loading=\"lazy\" decoding=\"async\" width=\"486\" height=\"628\" class=\"wp-image-1325\" src=\"http:\/\/fme.hcmut.edu.vn\/en\/wp-content\/uploads\/2025\/10\/word-image-744-2.jpeg\" \/><\/td>\n<td style=\"width: 10%;\">Hu\u1ef3nh C\u1ea3nh Th\u00e0nh<\/td>\n<td style=\"width: 10.5952%;\">Eng.<\/td>\n<td style=\"width: 15.4762%;\">Media Information Head of the Trade union<\/td>\n<td style=\"width: 7.48137%;\">Mechanical Automation control<\/td>\n<td style=\"width: 24.3543%;\">General Mechanical Engineering Practice 1&amp;2Manufacturing Engineering Practice Worker\u2019s Practical training<\/td>\n<\/tr>\n<tr>\n<td style=\"width: 16.0714%;\"><img loading=\"lazy\" decoding=\"async\" width=\"497\" height=\"628\" class=\"wp-image-1326\" src=\"http:\/\/fme.hcmut.edu.vn\/en\/wp-content\/uploads\/2025\/10\/word-image-744-3.jpeg\" \/><\/td>\n<td style=\"width: 10%;\">Nguy\u1ec5n H\u1eefu C\u01b0\u01a1ng<\/td>\n<td style=\"width: 10.5952%;\">Eng.<\/td>\n<td style=\"width: 15.4762%;\"><\/td>\n<td style=\"width: 7.48137%;\">Manufacturing Engineering Mechanical Engineering Technology.<\/td>\n<td style=\"width: 24.3543%;\">General Mechanical Engineering Practice 1&amp;2 Manufacturing Engineering Practice Worker\u2019s Practical training<\/td>\n<\/tr>\n<tr>\n<td style=\"width: 16.0714%;\"><img loading=\"lazy\" decoding=\"async\" width=\"488\" height=\"639\" class=\"wp-image-1327\" src=\"http:\/\/fme.hcmut.edu.vn\/en\/wp-content\/uploads\/2025\/10\/word-image-744-4.jpeg\" \/><\/td>\n<td style=\"width: 10%;\">V\u0103n Ng\u1ecdc Hi\u1ec7p<\/td>\n<td style=\"width: 10.5952%;\">Eng.<\/td>\n<td style=\"width: 15.4762%;\"><\/td>\n<td style=\"width: 7.48137%;\">Manufacturing Engineering Mechanical Engineering Technology CNC machining<\/td>\n<td style=\"width: 24.3543%;\">General Mechanical Engineering Practice 1&amp;2 Manufacturing Engineering Practice Worker\u2019s Practical training<\/td>\n<\/tr>\n<tr>\n<td style=\"width: 16.0714%;\"><img loading=\"lazy\" decoding=\"async\" width=\"491\" height=\"630\" class=\"wp-image-1328\" src=\"http:\/\/fme.hcmut.edu.vn\/en\/wp-content\/uploads\/2025\/10\/word-image-744-5.jpeg\" \/><\/td>\n<td style=\"width: 10%;\">Ph\u1ea1m Tr\u1ecdng Nh\u00e2n<\/td>\n<td style=\"width: 10.5952%;\">Bachelor<\/td>\n<td style=\"width: 15.4762%;\">Head of the Welding workshop<\/td>\n<td style=\"width: 7.48137%;\">Manufacturing Engineering Welding Engineering Technology<\/td>\n<td style=\"width: 24.3543%;\">General Mechanical Engineering Practice 1&amp;2 Manufacturing Engineering Practice Worker\u2019s Practical training<\/td>\n<\/tr>\n<tr>\n<td style=\"width: 16.0714%;\"><img loading=\"lazy\" decoding=\"async\" width=\"495\" height=\"644\" class=\"wp-image-1329\" src=\"http:\/\/fme.hcmut.edu.vn\/en\/wp-content\/uploads\/2025\/10\/word-image-744-6.jpeg\" \/><\/td>\n<td style=\"width: 10%;\">\u0110\u1eb7ng Th\u00e0nh Lu\u00e2n<\/td>\n<td style=\"width: 10.5952%;\">M.S<\/td>\n<td style=\"width: 15.4762%;\">Head of the Casting workshop<\/td>\n<td style=\"width: 7.48137%;\">Metal casting Technology Noncutting sharing Mechatronics Engineering<\/td>\n<td style=\"width: 24.3543%;\">General Mechanical Engineering Practice 1&amp;2 Manufacturing Engineering Practice Worker\u2019s Practical training<\/td>\n<\/tr>\n<tr>\n<td style=\"width: 16.0714%;\"><img loading=\"lazy\" decoding=\"async\" width=\"495\" height=\"628\" class=\"wp-image-1330\" src=\"http:\/\/fme.hcmut.edu.vn\/en\/wp-content\/uploads\/2025\/10\/word-image-744-7.jpeg\" \/><\/td>\n<td style=\"width: 10%;\">H\u1ed3 v\u0103n Th\u00e2n<\/td>\n<td style=\"width: 10.5952%;\">Eng.<\/td>\n<td style=\"width: 15.4762%;\"><\/td>\n<td style=\"width: 7.48137%;\">Mechanical Machining Benchwork Hydraulics &amp; Pneumatics<\/td>\n<td style=\"width: 24.3543%;\">General Mechanical Engineering Practice 1&amp;2 Manufacturing Engineering Practice Worker\u2019s Practical training<\/td>\n<\/tr>\n<tr>\n<td style=\"width: 16.0714%;\"><img loading=\"lazy\" decoding=\"async\" width=\"495\" height=\"637\" class=\"wp-image-1331\" src=\"http:\/\/fme.hcmut.edu.vn\/en\/wp-content\/uploads\/2025\/10\/word-image-744-8.jpeg\" \/><\/td>\n<td style=\"width: 10%;\">Ch\u00e2u Ho\u00e0ng Li\u00ean S\u01a1n<\/td>\n<td style=\"width: 10.5952%;\">M.S<\/td>\n<td style=\"width: 15.4762%;\"><\/td>\n<td style=\"width: 7.48137%;\">Industrial Electricity Automation Hydraulics &amp; Pneumatics Mechanical machining<\/td>\n<td style=\"width: 24.3543%;\">General Mechanical Engineering Practice 1&amp;2 Manufacturing Engineering Practice Worker\u2019s Practical training<\/td>\n<\/tr>\n<\/tbody>\n<\/table>\n<p><strong>III. EDUCATION<\/strong><\/p>\n<p>The Practical Training Unit is responsible for delivering mechanical practice courses for the academic programs offered by the Faculty of Mechanical Engineering and the Faculty of Transportation Engineering.<\/p>\n<ul>\n<li><strong>Full-time Undergraduate Program<\/strong><\/li>\n<li>Part \u2013 time <strong>Undergraduate Program<\/strong><\/li>\n<\/ul>\n<p><em>Courses and content administered and delivered by the Practical Training Unit <\/em><\/p>\n<p><em>Practical content currently being delivered<\/em><\/p>\n<ul>\n<li>General Mechanical Engineering Practice\n<ul>\n<li>Applicable to the programs in Mechanical Engineering and Transportation Engineering<\/li>\n<\/ul>\n<\/li>\n<li>Worker\u2019s Practical training\n<ul>\n<li>Applicable to the Manufacturing Engineering program<\/li>\n<\/ul>\n<\/li>\n<\/ul>\n<table class=\"table table-hover\">\n<tbody>\n<tr>\n<td rowspan=\"2\">No<\/td>\n<td rowspan=\"2\">Course Title<\/td>\n<td rowspan=\"2\">Course Code<\/td>\n<td rowspan=\"2\">Graduate<\/td>\n<td colspan=\"2\">Undergraduate<\/td>\n<\/tr>\n<tr>\n<td>Full time<\/td>\n<td>Part time<\/td>\n<\/tr>\n<tr>\n<td>1<\/td>\n<td>General Mechanical Engineering Practice 1<\/td>\n<td>ME1013<\/td>\n<td><\/td>\n<td style=\"text-align: center;\">X<\/td>\n<td style=\"text-align: center;\">X<\/td>\n<\/tr>\n<tr>\n<td>2<\/td>\n<td>General Mechanical Engineering Practice 2<\/td>\n<td>ME2087<\/td>\n<td><\/td>\n<td style=\"text-align: center;\">X<\/td>\n<td style=\"text-align: center;\">X<\/td>\n<\/tr>\n<tr>\n<td>3<\/td>\n<td>General Mechanical Engineering Practice 1<\/td>\n<td>ME1005<\/td>\n<td><\/td>\n<td style=\"text-align: center;\">X<\/td>\n<td style=\"text-align: center;\">X<\/td>\n<\/tr>\n<tr>\n<td>4<\/td>\n<td>Worker\u2019s Practical training<\/td>\n<td>ME2119<\/td>\n<td><\/td>\n<td style=\"text-align: center;\">X<\/td>\n<td style=\"text-align: center;\"><\/td>\n<\/tr>\n<\/tbody>\n<\/table>\n<p><strong>IV. ACHIEVEMENTS AND COMMENDATIONS<\/strong><\/p>\n<p>Achievenents: Since 2010, the unit has been recognized as advanced labor collective.<\/p>\n<p><strong>V. HEADS OF DEPARTMENT OVER THE PERIODS:<\/strong><\/p>\n<table class=\"table table-hover\">\n<tbody>\n<tr>\n<td>Hu\u1ef3nh Quang Th\u00e0nh<\/td>\n<td>1985-1986; 1988-1991<\/td>\n<td><\/td>\n<\/tr>\n<tr>\n<td>Tr\u1ea7n V\u0169 An<\/td>\n<td>1986-1988<\/td>\n<td><\/td>\n<\/tr>\n<tr>\n<td>Nguy\u1ec5n Huy San<\/td>\n<td>1991<\/td>\n<td><\/td>\n<\/tr>\n<tr>\n<td>\u0110\u1eb7ng C\u1ef1<\/td>\n<td>1991-1994<\/td>\n<td><\/td>\n<\/tr>\n<tr>\n<td>Nguy\u1ec5n V\u0103n Ph\u1ea9m<\/td>\n<td>1994-1998<\/td>\n<td><\/td>\n<\/tr>\n<tr>\n<td>D\u01b0 V\u0103n R\u00ea<\/td>\n<td>1998-2017<\/td>\n<td><\/td>\n<\/tr>\n<tr>\n<td>\u0110\u1ed7 Hu\u1ef3nh Nh\u1eadt<\/td>\n<td>2018- now<\/td>\n<td><\/td>\n<\/tr>\n<\/tbody>\n<\/table>\n<p><strong>VI. TEACHING STAFF OVER THE PERIODS<\/strong><\/p>\n<table class=\"table table-hover\">\n<tbody>\n<tr>\n<td>Nguy\u1ec5n V\u0103n Ph\u1ea9m<\/td>\n<td>1976-2014<\/td>\n<td><\/td>\n<\/tr>\n<tr>\n<td>Hu\u1ef3nh Quang Th\u00e0nh<\/td>\n<td>1976-2015<\/td>\n<td><\/td>\n<\/tr>\n<tr>\n<td>Tr\u1ea7n Ng\u1ecdc H\u1ea3i<\/td>\n<td>1980-2016<\/td>\n<td><\/td>\n<\/tr>\n<tr>\n<td>D\u01b0 V\u0103n R\u00ea<\/td>\n<td>1998-2017<\/td>\n<td><\/td>\n<\/tr>\n<tr>\n<td>L\u00e2m \u0110\u00e0o Anh V\u0169<\/td>\n<td>2002-2024<\/td>\n<td><\/td>\n<\/tr>\n<tr>\n<td>V\u0103n Ng\u1ecdc Hi\u1ec7p<\/td>\n<td>2003- now<\/td>\n<td><\/td>\n<\/tr>\n<tr>\n<td>H\u1ed3 V\u0103n Th\u00e2n<\/td>\n<td>2008- now<\/td>\n<td><\/td>\n<\/tr>\n<tr>\n<td>Hu\u1ef3nh C\u1ea3nh Th\u00e0nh<\/td>\n<td>2008- now<\/td>\n<td><\/td>\n<\/tr>\n<tr>\n<td>Ph\u1ea1m Tr\u1ecdng Nh\u00e2n<\/td>\n<td>2010- now<\/td>\n<td><\/td>\n<\/tr>\n<tr>\n<td>\u0110\u1eb7ng Th\u00e0nh Lu\u00e2n<\/td>\n<td>2010- now<\/td>\n<td><\/td>\n<\/tr>\n<tr>\n<td>\u0110\u1ed7 Hu\u1ef3nh Nh\u1eadt<\/td>\n<td>2010- now<\/td>\n<td><\/td>\n<\/tr>\n<tr>\n<td>L\u00e2m Gia Hu\u1ea5n<\/td>\n<td>2010-2016<\/td>\n<td><\/td>\n<\/tr>\n<tr>\n<td>Nguy\u1ec5n H\u1eefu C\u01b0\u01a1ng<\/td>\n<td>2012-now<\/td>\n<td><\/td>\n<\/tr>\n<tr>\n<td>Nguy\u1ec5n V\u0103n Minh<\/td>\n<td>1989-2023<\/td>\n<td><\/td>\n<\/tr>\n<\/tbody>\n<\/table>\n<p><strong>VI. LIST OF OLD LECTURER: <\/strong><\/p>\n<table class=\"table table-hover\">\n<tbody>\n<tr>\n<td>D\u01b0 V\u0103n R\u00ea<\/td>\n<td>1998-2017<\/td>\n<td><\/td>\n<\/tr>\n<tr>\n<td>Tr\u00e2n Ng\u1ecdc H\u1ea3i<\/td>\n<td>1980-2016<\/td>\n<td><\/td>\n<\/tr>\n<tr>\n<td>Hu\u1ef3nh Quang Th\u00e0nh<\/td>\n<td>1976-2015<\/td>\n<td><\/td>\n<\/tr>\n<tr>\n<td>Nguy\u1ec5n V\u0103n Ph\u1ea9m<\/td>\n<td>1976-2014<\/td>\n<td><\/td>\n<\/tr>\n<tr>\n<td>L\u00ea V\u0103n X\u00e3<\/td>\n<td>1975-2001<\/td>\n<td><\/td>\n<\/tr>\n<tr>\n<td>L\u00ea V\u0103n Gi\u00e0u<\/td>\n<td>1975-2002<\/td>\n<td><\/td>\n<\/tr>\n<tr>\n<td>Nguy\u1ec5n V\u0103n Minh<\/td>\n<td>1989-2023<\/td>\n<td><\/td>\n<\/tr>\n<tr>\n<td>L\u00ea Nh\u1ee9t Th\u1ed1ng<\/td>\n<td>1978-2000<\/td>\n<td><\/td>\n<\/tr>\n<tr>\n<td>\u0110\u1eb7ng V\u0103n Phong<\/td>\n<td>1977-2000<\/td>\n<td><\/td>\n<\/tr>\n<tr>\n<td>V\u0169 Th\u1ecb Thanh<\/td>\n<td>1977-2011<\/td>\n<td><\/td>\n<\/tr>\n<tr>\n<td>L\u00ea Thu Kh\u00e1nh<\/td>\n<td>1980-2013<\/td>\n<td><\/td>\n<\/tr>\n<tr>\n<td>V\u0103n Vi\u1ebft Ti\u1ebfn<\/td>\n<td><\/td>\n<td><\/td>\n<\/tr>\n<tr>\n<td>Phan Ho\u00e0ng Long<\/td>\n<td>1990-1991<\/td>\n<td><\/td>\n<\/tr>\n<tr>\n<td>Tr\u1ea7n V\u0103n B\u00ecnh<\/td>\n<td>1980-1999<\/td>\n<td><\/td>\n<\/tr>\n<tr>\n<td>\u0110\u1eb7ng Th\u1ecb Qu\u00fd<\/td>\n<td><\/td>\n<td><\/td>\n<\/tr>\n<tr>\n<td>T\u00f4n Thi\u1ec7n Ph\u01b0\u01a1ng<\/td>\n<td>2000<\/td>\n<td><\/td>\n<\/tr>\n<tr>\n<td>Nguy\u1ec5n Th\u1ecb Xu\u00e2n H\u00f2a<\/td>\n<td><\/td>\n<td><\/td>\n<\/tr>\n<\/tbody>\n<\/table>\n","protected":false},"excerpt":{"rendered":"<p>I. History and Development: The Practical Training Unit is located in Building C1 and functions as a department within the Faculty of Mechanical Engineering at the Ho Chi Minh City University of Technology (HCMUT) of the Vietnam National University (VNU) [&hellip;]<\/p>\n","protected":false},"author":1,"featured_media":0,"parent":0,"menu_order":0,"comment_status":"closed","ping_status":"closed","template":"","meta":{"footnotes":""},"class_list":["post-744","page","type-page","status-publish","hentry"],"yoast_head":"<!-- This site is optimized with the Yoast SEO plugin v23.5 - https:\/\/yoast.com\/wordpress\/plugins\/seo\/ -->\n<title>Practical Training Unit<\/title>\n<meta name=\"robots\" content=\"noindex, follow, max-snippet:-1, max-image-preview:large, max-video-preview:-1\" \/>\n<meta property=\"og:locale\" content=\"en_US\" \/>\n<meta property=\"og:type\" content=\"article\" \/>\n<meta property=\"og:title\" content=\"Practical Training Unit\" \/>\n<meta property=\"og:description\" content=\"I. History and Development: The Practical Training Unit is located in Building C1 and functions as a department within the Faculty of Mechanical Engineering at the Ho Chi Minh City University of Technology (HCMUT) of the Vietnam National University (VNU) [&hellip;]\" \/>\n<meta property=\"og:url\" content=\"https:\/\/fme.hcmut.edu.vn\/en\/practical-training-unit\/\" \/>\n<meta property=\"og:site_name\" content=\"The faculty of Mechanical Engineering, HCMC University of Technology\" \/>\n<meta property=\"article:modified_time\" content=\"2025-10-31T08:29:16+00:00\" \/>\n<meta property=\"og:image\" content=\"http:\/\/fme.hcmut.edu.vn\/en\/wp-content\/uploads\/2025\/10\/word-image-744-1.jpeg\" \/>\n<meta name=\"twitter:card\" content=\"summary_large_image\" \/>\n<meta name=\"twitter:label1\" content=\"Est. reading time\" \/>\n\t<meta name=\"twitter:data1\" content=\"5 minutes\" \/>\n<script type=\"application\/ld+json\" class=\"yoast-schema-graph\">{\"@context\":\"https:\/\/schema.org\",\"@graph\":[{\"@type\":\"WebPage\",\"@id\":\"https:\/\/fme.hcmut.edu.vn\/en\/practical-training-unit\/\",\"url\":\"https:\/\/fme.hcmut.edu.vn\/en\/practical-training-unit\/\",\"name\":\"Practical Training Unit\",\"isPartOf\":{\"@id\":\"https:\/\/fme.hcmut.edu.vn\/en\/#website\"},\"primaryImageOfPage\":{\"@id\":\"https:\/\/fme.hcmut.edu.vn\/en\/practical-training-unit\/#primaryimage\"},\"image\":{\"@id\":\"https:\/\/fme.hcmut.edu.vn\/en\/practical-training-unit\/#primaryimage\"},\"thumbnailUrl\":\"http:\/\/fme.hcmut.edu.vn\/en\/wp-content\/uploads\/2025\/10\/word-image-744-1.jpeg\",\"datePublished\":\"2017-05-10T16:28:13+00:00\",\"dateModified\":\"2025-10-31T08:29:16+00:00\",\"breadcrumb\":{\"@id\":\"https:\/\/fme.hcmut.edu.vn\/en\/practical-training-unit\/#breadcrumb\"},\"inLanguage\":\"en-US\",\"potentialAction\":[{\"@type\":\"ReadAction\",\"target\":[\"https:\/\/fme.hcmut.edu.vn\/en\/practical-training-unit\/\"]}]},{\"@type\":\"ImageObject\",\"inLanguage\":\"en-US\",\"@id\":\"https:\/\/fme.hcmut.edu.vn\/en\/practical-training-unit\/#primaryimage\",\"url\":\"https:\/\/fme.hcmut.edu.vn\/en\/wp-content\/uploads\/2025\/10\/word-image-744-1.jpeg\",\"contentUrl\":\"https:\/\/fme.hcmut.edu.vn\/en\/wp-content\/uploads\/2025\/10\/word-image-744-1.jpeg\",\"width\":500,\"height\":637},{\"@type\":\"BreadcrumbList\",\"@id\":\"https:\/\/fme.hcmut.edu.vn\/en\/practical-training-unit\/#breadcrumb\",\"itemListElement\":[{\"@type\":\"ListItem\",\"position\":1,\"name\":\"Home\",\"item\":\"https:\/\/fme.hcmut.edu.vn\/en\/\"},{\"@type\":\"ListItem\",\"position\":2,\"name\":\"Practical Training Unit\"}]},{\"@type\":\"WebSite\",\"@id\":\"https:\/\/fme.hcmut.edu.vn\/en\/#website\",\"url\":\"https:\/\/fme.hcmut.edu.vn\/en\/\",\"name\":\"The faculty of Mechanical Engineering, HCMC University of Technology\",\"description\":\"\",\"potentialAction\":[{\"@type\":\"SearchAction\",\"target\":{\"@type\":\"EntryPoint\",\"urlTemplate\":\"https:\/\/fme.hcmut.edu.vn\/en\/?s={search_term_string}\"},\"query-input\":{\"@type\":\"PropertyValueSpecification\",\"valueRequired\":true,\"valueName\":\"search_term_string\"}}],\"inLanguage\":\"en-US\"}]}<\/script>\n<!-- \/ Yoast SEO plugin. -->","yoast_head_json":{"title":"Practical Training Unit","robots":{"index":"noindex","follow":"follow","max-snippet":"max-snippet:-1","max-image-preview":"max-image-preview:large","max-video-preview":"max-video-preview:-1"},"og_locale":"en_US","og_type":"article","og_title":"Practical Training Unit","og_description":"I. History and Development: The Practical Training Unit is located in Building C1 and functions as a department within the Faculty of Mechanical Engineering at the Ho Chi Minh City University of Technology (HCMUT) of the Vietnam National University (VNU) [&hellip;]","og_url":"https:\/\/fme.hcmut.edu.vn\/en\/practical-training-unit\/","og_site_name":"The faculty of Mechanical Engineering, HCMC University of Technology","article_modified_time":"2025-10-31T08:29:16+00:00","og_image":[{"url":"http:\/\/fme.hcmut.edu.vn\/en\/wp-content\/uploads\/2025\/10\/word-image-744-1.jpeg"}],"twitter_card":"summary_large_image","twitter_misc":{"Est. reading time":"5 minutes"},"schema":{"@context":"https:\/\/schema.org","@graph":[{"@type":"WebPage","@id":"https:\/\/fme.hcmut.edu.vn\/en\/practical-training-unit\/","url":"https:\/\/fme.hcmut.edu.vn\/en\/practical-training-unit\/","name":"Practical Training Unit","isPartOf":{"@id":"https:\/\/fme.hcmut.edu.vn\/en\/#website"},"primaryImageOfPage":{"@id":"https:\/\/fme.hcmut.edu.vn\/en\/practical-training-unit\/#primaryimage"},"image":{"@id":"https:\/\/fme.hcmut.edu.vn\/en\/practical-training-unit\/#primaryimage"},"thumbnailUrl":"http:\/\/fme.hcmut.edu.vn\/en\/wp-content\/uploads\/2025\/10\/word-image-744-1.jpeg","datePublished":"2017-05-10T16:28:13+00:00","dateModified":"2025-10-31T08:29:16+00:00","breadcrumb":{"@id":"https:\/\/fme.hcmut.edu.vn\/en\/practical-training-unit\/#breadcrumb"},"inLanguage":"en-US","potentialAction":[{"@type":"ReadAction","target":["https:\/\/fme.hcmut.edu.vn\/en\/practical-training-unit\/"]}]},{"@type":"ImageObject","inLanguage":"en-US","@id":"https:\/\/fme.hcmut.edu.vn\/en\/practical-training-unit\/#primaryimage","url":"https:\/\/fme.hcmut.edu.vn\/en\/wp-content\/uploads\/2025\/10\/word-image-744-1.jpeg","contentUrl":"https:\/\/fme.hcmut.edu.vn\/en\/wp-content\/uploads\/2025\/10\/word-image-744-1.jpeg","width":500,"height":637},{"@type":"BreadcrumbList","@id":"https:\/\/fme.hcmut.edu.vn\/en\/practical-training-unit\/#breadcrumb","itemListElement":[{"@type":"ListItem","position":1,"name":"Home","item":"https:\/\/fme.hcmut.edu.vn\/en\/"},{"@type":"ListItem","position":2,"name":"Practical Training Unit"}]},{"@type":"WebSite","@id":"https:\/\/fme.hcmut.edu.vn\/en\/#website","url":"https:\/\/fme.hcmut.edu.vn\/en\/","name":"The faculty of Mechanical Engineering, HCMC University of Technology","description":"","potentialAction":[{"@type":"SearchAction","target":{"@type":"EntryPoint","urlTemplate":"https:\/\/fme.hcmut.edu.vn\/en\/?s={search_term_string}"},"query-input":{"@type":"PropertyValueSpecification","valueRequired":true,"valueName":"search_term_string"}}],"inLanguage":"en-US"}]}},"_links":{"self":[{"href":"https:\/\/fme.hcmut.edu.vn\/en\/wp-json\/wp\/v2\/pages\/744"}],"collection":[{"href":"https:\/\/fme.hcmut.edu.vn\/en\/wp-json\/wp\/v2\/pages"}],"about":[{"href":"https:\/\/fme.hcmut.edu.vn\/en\/wp-json\/wp\/v2\/types\/page"}],"author":[{"embeddable":true,"href":"https:\/\/fme.hcmut.edu.vn\/en\/wp-json\/wp\/v2\/users\/1"}],"replies":[{"embeddable":true,"href":"https:\/\/fme.hcmut.edu.vn\/en\/wp-json\/wp\/v2\/comments?post=744"}],"version-history":[{"count":0,"href":"https:\/\/fme.hcmut.edu.vn\/en\/wp-json\/wp\/v2\/pages\/744\/revisions"}],"wp:attachment":[{"href":"https:\/\/fme.hcmut.edu.vn\/en\/wp-json\/wp\/v2\/media?parent=744"}],"curies":[{"name":"wp","href":"https:\/\/api.w.org\/{rel}","templated":true}]}}