{"id":746,"date":"2017-05-10T23:55:55","date_gmt":"2017-05-10T16:55:55","guid":{"rendered":"http:\/\/fme.hcmut.edu.vn\/en\/?page_id=746"},"modified":"2017-07-17T22:11:48","modified_gmt":"2017-07-17T15:11:48","slug":"cad-cam-lab","status":"publish","type":"page","link":"https:\/\/fme.hcmut.edu.vn\/en\/cad-cam-lab\/","title":{"rendered":"CAD\/CAM lab"},"content":{"rendered":"<h3>I\/ General Introduction<\/h3>\n<p>Ph\u00f2ng th\u00ed nghi\u1ec7m CAD\/CAM-CNC thu\u1ed9c khoa C\u01a1 Kh\u00ed tr\u01b0\u1eddng \u0110\u1ea1i h\u1ecdc B\u00e1ch Khoa TP.HCM \u0111\u01b0\u1ee3c th\u00e0nh l\u1eadp n\u0103m 1997 l\u00e0 m\u1ed9t trong nh\u1eefng ph\u00f2ng th\u00ed nghi\u1ec7m hi\u1ec7n \u0111\u1ea1i trong l\u0129nh v\u1ef1c thi\u1ebft k\u1ebf v\u00e0 s\u1ea3n xu\u1ea5t nh\u1edd m\u00e1y t\u00ednh.<\/p>\n<p><img loading=\"lazy\" decoding=\"async\" class=\"size-full wp-image-747 aligncenter\" src=\"http:\/\/fme.hcmut.edu.vn\/en\/wp-content\/uploads\/2017\/05\/image001_2.jpg\" alt=\"\" width=\"700\" height=\"460\" \/><\/p>\n<p>M\u1ee5c ti\u00eau c\u1ee7a ph\u00f2ng th\u00ed nghi\u1ec7m CAD\/CAM-CNC l\u00e0 \u0111\u00e1p \u1ee9ng nhu c\u1ea7u v\u00e0 \u0111\u00e0o t\u1ea1o ngu\u1ed3n nh\u00e2n l\u1ef1c c\u1ee7a s\u1ea3n xu\u1ea5t trong l\u0129nh v\u1ef1c k\u1ef9 thu\u1eadt cao. Ph\u00f2ng \u0111\u01b0\u1ee3c trang b\u1ecb nh\u1eefng m\u00e1y CNC hi\u1ec7n \u0111\u1ea1i v\u00e0 th\u00f4ng minh th\u1ef1c hi\u1ec7n c\u00e1c c\u00f4ng vi\u1ec7c phay, ti\u1ec7n, \u0103n m\u00f2n b\u1eb1ng tia l\u1eeda \u0111i\u1ec7n, m\u00e1y c\u1eaft d\u00e2y WEDM, m\u00e1y t\u1ea1o m\u1eabu nhanh SLA Virer Si2 v\u00e0 h\u1ec7 th\u1ed1ng g\u1ea7n 80 m\u00e1y t\u00ednh v\u1edbi c\u1ea5u h\u00ecnh m\u1ea1nh s\u1eed d\u1ee5ng c\u00e1c ph\u1ea7n m\u1ec1m CAD\/CAM m\u1ea1nh tr\u00ean th\u1ebf gi\u1edbi nh\u01b0 Creo, Mastercam, Unigraphic<br \/>\nPh\u00f2ng c\u00f3 m\u1ed9t \u0111\u1ed9i ng\u0169 gi\u00e1o vi\u00ean c\u00f3 tay ngh\u1ec1 cao v\u00e0 gi\u00e0u kinh nghi\u1ec7m trong \u0111\u00e0o t\u1ea1o, th\u00e0nh th\u1ea1o v\u1ec1 chuy\u00ean m\u00f4n, t\u1eadn t\u1ee5y v\u1edbi ngh\u1ec1 nghi\u1ec7p v\u00e0 c\u00f3 tinh th\u1ea7n tr\u00e1ch nhi\u1ec7m cao trong gi\u1ea3ng d\u1ea1y.<\/p>\n<h3>II. NH\u00c2N S\u1ef0<\/h3>\n<p><em><strong>1. C\u00e1n b\u1ed9 c\u01a1 h\u1eefu<\/strong><\/em><\/p>\n<table border=\"1\" width=\"100%\" cellspacing=\"0\" cellpadding=\"0\">\n<tbody>\n<tr>\n<td><strong>H\u1ecd t\u00ean<\/strong><\/td>\n<td><strong>H\u1ecdc h\u00e0m\/<\/strong><\/p>\n<p><strong>H\u1ecdc v\u1ecb<\/strong><\/td>\n<td><strong>Email,\u0111i\u1ec7n tho\u1ea1i<\/strong><\/td>\n<td><strong>Chuy\u00ean m\u00f4n ch\u00ednh<\/strong><\/p>\n<p><strong>\u0110\u1ecbnh h\u01b0\u1edbng nghi\u00ean c\u1ee9u<\/strong><\/td>\n<\/tr>\n<tr>\n<td>T\u00f4n Thi\u1ec7n Ph\u01b0\u01a1ng<\/td>\n<td>Gi\u1ea3ng vi\u00ean \/Ti\u1ebfn s\u0129<\/td>\n<td><a href=\"mailto:tonphuong@hcmut.edu.vn\">tonphuong@hcmut.edu.vn<\/a><\/td>\n<td>-\u1ee8ng d\u1ee5ng ph\u1ea7n m\u1ec1m CAD\/CAM<\/p>\n<p>-\u1ee8ng d\u1ee5ng k\u1ef9 thu\u1eadt CNC<\/p>\n<p>-Nghi\u00ean c\u1ee9u l\u00e0m sach bavia sau gia c\u00f4ng<\/p>\n<p>-Nghi\u00ean c\u1ee9u v\u1ec1 khu\u00f4n d\u1eadp th\u00e9p t\u1ea5m<\/p>\n<p>-Nghi\u00ean c\u1ee9u v\u1ec1 khu\u00f4n m\u1eabu nh\u1ef1a<\/p>\n<p>-Nghi\u00ean c\u1ee9u v\u1ec1 bi\u1ebfn d\u1ea1ng d\u1ebbo trong kim lo\u1ea1i<\/td>\n<\/tr>\n<tr>\n<td>B\u00f9i Anh Qu\u1ed1c<\/td>\n<td>Nghi\u00ean c\u1ee9u vi\u00ean \/K\u1ef9 s\u01b0<\/td>\n<td><a href=\"mailto:baquoc@hcmut.edu.vn\">baquoc@hcmut.edu.vn<\/a><\/td>\n<td>\u1ee8ng d\u1ee5ng CAD\/CAM\/CNC.<\/p>\n<p>Gia c\u00f4ng CNC 3X, 4X, 5X.<\/p>\n<p>Nghi\u00ean c\u1ee9u v\u1ec1 khu\u00f4n d\u1eadp li\u00ean ho\u00e0ng<\/td>\n<\/tr>\n<tr>\n<td>T\u00f4n Ki\u00ean Qu\u1ea5y<\/td>\n<td>K\u1ef9 s\u01b0<\/td>\n<td><a href=\"mailto:tkquay@hcmut.edu.vn\">tkquay@hcmut.edu.vn<\/a><\/td>\n<td>\u1ee8ng d\u1ee5ng CAD\/CAM\/CNC<\/td>\n<\/tr>\n<tr>\n<td>L\u00e2m Th\u1ecb Kim Ng\u00e2n<\/td>\n<td>Th\u01b0 k\u00fd<\/td>\n<td><a href=\"mailto:lamngan79@gmail.com\">lamngan79@gmail.com<\/a><\/td>\n<td><\/td>\n<\/tr>\n<\/tbody>\n<\/table>\n<p><em><strong>2. C\u1ed9ng t\u00e1c vi\u00ean<\/strong><\/em><\/p>\n<table border=\"1\" width=\"100%\" cellspacing=\"0\" cellpadding=\"0\">\n<tbody>\n<tr>\n<td><strong>H\u1ecd t\u00ean<\/strong><\/td>\n<td><strong>H\u1ecdc h\u00e0m\/<\/strong><\/p>\n<p><strong>H\u1ecdc v\u1ecb<\/strong><\/td>\n<td><strong>Email<\/strong><\/td>\n<td><strong>Chuy\u00ean m\u00f4n ch\u00ednh<\/strong><\/p>\n<p><strong>\u0110\u1ecbnh h\u01b0\u1edbng nghi\u00ean c\u1ee9u<\/strong><\/td>\n<\/tr>\n<tr>\n<td>Ho\u00e0ng Lanh<\/td>\n<td>Gi\u1ea3ng vi\u00ean \/K\u1ef9 s\u01b0<\/td>\n<td><a href=\"mailto:hoanglanhckbk@yahoo.com\">hoanglanhckbk@yahoo.com<\/a><\/td>\n<td>-Ch\u1ebf t\u1ea1o m\u00e1y<\/p>\n<p>-Th\u1ee7y l\u1ef1c kh\u00ed n\u00e9n<\/td>\n<\/tr>\n<tr>\n<td>Nguy\u1ec5n V\u0103n Th\u00e0nh<\/td>\n<td>Gi\u1ea3ng vi\u00ean \/Th\u1ea1c s\u0129<\/td>\n<td><em><a href=\"mailto:nvthanh@hcmut.edu.vn\">nvthanh@hcmut.edu.vn<\/a><\/em><\/td>\n<td>-CAD\/CAM\/CAE<\/p>\n<p>-Khu\u00f4n m\u1eabu<\/p>\n<p>-Gia c\u00f4ng CNC 3X, 4X, 5X<\/td>\n<\/tr>\n<tr>\n<td>Hu\u1ef3nh H\u1eefu Ngh\u1ecb<\/td>\n<td>Gi\u1ea3ng vi\u00ean \/Th\u1ea1c s\u0129<\/td>\n<td><a href=\"mailto:huynhhuunghi@gmai.com\"><em>huynhhuunghi@gmai.com<\/em><\/a><\/td>\n<td>-\u1ee8ng d\u1ee5ng CAD\/CAM trong thi\u00eat k\u1ebf v\u00e0 xu\u1ea5t ch\u01b0\u01a1ng tr\u00ecnh gia c\u00f4ng CNC.<\/p>\n<p>-L\u1eadp tr\u00ecnh v\u00e0 V\u1eadn h\u00e0nh c\u00e1c trung t\u00e2m Phay v\u00e0 Ti\u1ec7n CNC.<\/td>\n<\/tr>\n<\/tbody>\n<\/table>\n<p><em><strong>3. C\u00e1c c\u00e1n b\u1ed9 \u0111\u00e3 t\u1eebng c\u00f4ng t\u00e1c t\u1ea1i PTN<\/strong><\/em><\/p>\n<table border=\"1\" width=\"100%\" cellspacing=\"0\" cellpadding=\"0\">\n<tbody>\n<tr>\n<td><strong>H\u1ecd t\u00ean<\/strong><\/td>\n<td><strong>H\u1ecdc h\u00e0m\/<\/strong><\/p>\n<p><strong>H\u1ecdc v\u1ecb<\/strong><\/td>\n<td><strong>Email<\/strong><\/td>\n<td><strong>Chuy\u00ean m\u00f4n ch\u00ednh<\/strong><\/p>\n<p><strong>\u0110\u1ecbnh h\u01b0\u1edbng nghi\u00ean c\u1ee9u<\/strong><\/td>\n<\/tr>\n<tr>\n<td>L\u00ea Trung Th\u1ef1c<\/td>\n<td>Th\u1ea1c s\u0129<\/td>\n<td><\/td>\n<td><\/td>\n<\/tr>\n<tr>\n<td>\u0110o\u00e0n Th\u1ecb Minh Trinh<\/td>\n<td>PGS.TS<\/td>\n<td>dtmtrinh@hcmut.edu.vn<\/td>\n<td><\/td>\n<\/tr>\n<tr>\n<td>L\u00ea Quang B\u00ecnh<\/td>\n<td>K\u1ef9 s\u01b0<\/td>\n<td>quangbinhle@yahoo.com<\/td>\n<td><\/td>\n<\/tr>\n<\/tbody>\n<\/table>\n<h3>III\/ Academics<\/h3>\n<p><em><strong>1. Academics ch\u00ednh quy:<\/strong><\/em><\/p>\n<p>Ph\u00f2ng th\u00ed nghi\u1ec7m CAD\/CAM-CNC ph\u1ee5c v\u1ee5 c\u00e1c m\u00f4n h\u1ecdc nh\u01b0 sau:<\/p>\n<ul>\n<li>Thi\u1ebft k\u1ebf nh\u1edd b\u1eb1ng m\u00e1y t\u00ednh CAO CFAO<\/li>\n<li>M\u00f4 h\u00ecnh h\u00f3a h\u00ecnh h\u1ecdc<\/li>\n<li>C\u00f4ng ngh\u1ec7 v\u1eadt li\u1ec7u nh\u1ef1a v\u00e0 khu\u00f4n m\u1eabu<\/li>\n<li>T\u1ed1i \u01b0u h\u00f3a<\/li>\n<li>T\u1ef1 \u0111\u1ed9ng h\u00f3a s\u1ea3n xu\u1ea5t<\/li>\n<li>\u1ee8ng d\u1ee5ng tin h\u1ecdc Olympic<\/li>\n<li>Th\u1ef1c h\u00e0nh CAD\/CAM-CNC<\/li>\n<li>Th\u1ef1c t\u1eadp k\u1ef9 thu\u1eadt<\/li>\n<li>Th\u1ef1c t\u1eadp c\u00f4ng nh\u00e2n<\/li>\n<li>Th\u1ef1c t\u1eadp c\u01a1 kh\u00ed \u0111\u1ea1i c\u01b0\u01a1ng 2<\/li>\n<li>Th\u1ef1c t\u1eadp t\u1ed1t nghi\u1ec7p, LVTN<\/li>\n<li>LV cao h\u1ecdc, La ti\u1ebfn s\u0129<\/li>\n<\/ul>\n<p><em><strong>2. Academics th\u01b0\u1eddng xuy\u00ean:<\/strong><\/em><\/p>\n<p>Ph\u00f2ng th\u00ed nghi\u1ec7m CAD\/CAM-CNC th\u1ef1c hi\u1ec7n c\u00e1c ch\u01b0\u01a1ng tr\u00ecnh \u0111\u00e0o t\u1ea1o th\u01b0\u1eddng xuy\u00ean nh\u01b0 sau:<\/p>\n<ul>\n<li>Ph\u1ea7n m\u1ec1m Creo<\/li>\n<li>Ph\u1ea7n m\u1ec1m Mastercam<\/li>\n<li>Ph\u1ea7n m\u1ec1m Unigraphic NX<\/li>\n<li>Ph\u1ea7n m\u1ec1m Cimatron<\/li>\n<li>Ph\u1ea7n m\u1ec1m Delcam (PowerMILL, \u2026)<\/li>\n<li>L\u1eadp tr\u00ecnh v\u00e0 v\u1eadn h\u00e0nh m\u00e1y Ti\u1ec7n CNC<\/li>\n<li>L\u1eadp tr\u00ecnh v\u00e0 v\u1eadn h\u00e0nh m\u00e1y Phay CNC<\/li>\n<li>Wire-cut EDM, Die-Sinking EDM<\/li>\n<\/ul>\n<h3>IV\/ H\u01b0\u1edbng nghi\u00ean c\u1ee9u<\/h3>\n<ul>\n<li>Thi\u1ebft k\u1ebf v\u00e0 gia c\u00f4ng khu\u00f4n m\u1eabu cho ng\u00e0nh nh\u1ef1a<\/li>\n<li>Thi\u1ebft k\u1ebf v\u00e0 gia c\u00f4ng khu\u00f4n m\u1eabu cho ng\u00e0nh \u0111\u00fac<\/li>\n<li>Thi\u1ebft k\u1ebf v\u00e0 gia c\u00f4ng khu\u00f4n m\u1eabu cho ng\u00e0nh d\u1eadp<\/li>\n<li>Nghi\u00ean c\u1ee9u v\u00e0 \u1ee9ng d\u1ee5ng t\u1ea1o m\u1eabu nhanh trong y h\u1ecdc<\/li>\n<li>Nghi\u00ean c\u1ee9u k\u1ef9 thu\u1eadt thi\u1ebft k\u1ebf ng\u01b0\u1ee3c<\/li>\n<li>L\u1eadp tr\u00ecnh gia c\u00f4ng cho c\u00e1c m\u00e1y CNC nhi\u1ec1u tr\u1ee5c<\/li>\n<\/ul>\n<h3>V\/ Bi\u00ean so\u1ea1n gi\u00e1o tr\u00ecnh<\/h3>\n<p>C\u00e1c c\u00e1n b\u1ed9 c\u1ee7a Ph\u00f2ng th\u00ed nghi\u1ec7m bi\u00ean so\u1ea1n c\u00e1c t\u00e0i li\u1ec7u sau:<\/p>\n<ul>\n<li>C\u00f4ng ngh\u1ec7 CAD\/CAM<\/li>\n<li>C\u00f4ng ngh\u1ec7 l\u1eadp tr\u00ecnh gia c\u00f4ng \u0111i\u1ec1u khi\u1ec3n s\u1ed1 &#8211; CNC<\/li>\n<li>CAD\/CAM-thi\u1ebft k\u1ebf v\u00e0 s\u1ea3n xu\u1ea5t nh\u1edd m\u00e1y t\u00ednh<\/li>\n<li>H\u01b0\u1edbng d\u1eabn s\u1eed d\u1ee5ng ph\u1ea7n m\u1ec1m CAD\/CAM Creo<\/li>\n<li>H\u01b0\u1edbng d\u1eabn s\u1eed d\u1ee5ng ph\u1ea7n m\u1ec1m Mastercam<\/li>\n<li>H\u01b0\u1edbng d\u1eabn s\u1eed d\u1ee5ng ph\u1ea7n m\u1ec1m Unigraphic NX<\/li>\n<li>H\u01b0\u1edbng d\u1eabn th\u1ef1c h\u00e0nh m\u00e1y Ti\u1ec7n CNC (l\u1eadp tr\u00ecnh NC v\u00e0 v\u1eadn h\u00e0nh)<\/li>\n<li>H\u01b0\u1edbng d\u1eabn th\u1ef1c h\u00e0nh m\u00e1y Phay CNC (l\u1eadp tr\u00ecnh NC v\u00e0 v\u1eadn h\u00e0nh)<\/li>\n<\/ul>\n<h3>VI\/ M\u1ed9t s\u1ed1 thi\u1ebft b\u1ecbth\u1ef1c h\u00e0nh th\u00ed nghi\u1ec7m<\/h3>\n<table border=\"1\" width=\"100%\" cellspacing=\"0\" cellpadding=\"0\">\n<tbody>\n<tr>\n<td><strong>STT<\/strong><\/td>\n<td><strong>T\u00ean thi\u1ebft b\u1ecb<\/strong><\/td>\n<td><strong>TH\u00d4NG S\u1ed0 K\u1ef8 THU\u1eacT<\/strong><\/td>\n<td><strong>H\u00ccNH \u1ea2NH<\/strong><\/td>\n<td><strong>M\u00d4 T\u1ea2 THI\u1ebeT B\u1eca<\/strong><\/td>\n<\/tr>\n<tr>\n<td><strong>1<\/strong><\/td>\n<td><strong>M\u00e1y gia c\u00f4ng tia l\u1eeda \u0111i\u1ec7n SODICK MARK XI<\/strong><\/td>\n<td><strong>Kh\u00f4ng gian gia c\u00f4ng:\u00a0300x300x250 (mm)<\/strong><\/p>\n<p><strong>Tr\u1ecdng l\u01b0\u1ee3ng m\u00e1y: 400kg<\/strong><\/td>\n<td><\/td>\n<td><strong>M\u00e1y tia l\u1eeda \u0111i\u1ec7n d\u1ea1ng khu\u00f4n d\u00f9ng \u0111\u1ec3 gia c\u00f4ng chi ti\u1ebft trong ng\u00e0nh ch\u1ebf t\u1ea1o b\u1eb1ng ph\u01b0\u01a1ng EDM<\/strong><\/p>\n<p><strong>\u00a0<\/strong><\/td>\n<\/tr>\n<tr>\n<td><strong>2<\/strong><\/td>\n<td><strong>M\u00e1y c\u1eaft d\u00e2y hi\u1ec7u JOEMARS<\/strong><\/td>\n<td><strong>Kh\u00f4ng gian gia c\u00f4ng:\u00a0400x300x200 (mm)<\/strong><\/p>\n<p><strong>\u00a0<\/strong><\/td>\n<td><\/td>\n<td><strong>M\u00e1y tia l\u1eeda \u0111i\u1ec7n d\u1ea1ng d\u00e2y d\u00f9ng \u0111\u1ec3 gia c\u00f4ng chi ti\u1ebft trong ng\u00e0nh ch\u1ebf t\u1ea1o b\u1eb1ng ph\u01b0\u01a1ng EDM<\/strong><\/p>\n<p><strong>\u00a0<\/strong><\/td>\n<\/tr>\n<tr>\n<td><strong>3<\/strong><\/td>\n<td><strong>M\u00e1y \u0111\u1ed9t l\u1ed7 b\u1eb1ng tia l\u1eeda \u0111i\u1ec7n JOEMARS<\/strong><\/td>\n<td><strong>Chi\u1ec1u s\u00e2u l\u1ed7 t\u1ed1i \u0111a 200<\/strong><\/p>\n<p><strong>\u0110\u01b0\u1eddng k\u00ednh t\u1ed1i thi\u1ec3u 0.3mm<\/strong><\/td>\n<td><\/td>\n<td><strong>M\u00e1y khoan l\u1ed7 tia l\u1eeda \u0111i\u1ec7n d\u00f9ng \u0111\u1ec3 gia c\u00f4ng l\u1ed7 b\u1eb1ng ph\u01b0\u01a1ng ph\u00e1p EDM<\/strong><\/td>\n<\/tr>\n<tr>\n<td><strong>4<\/strong><\/td>\n<td><strong>M\u00e1y phay \u0111\u1ee9ng CNC 8025<\/strong><\/td>\n<td><strong>Kh\u00f4ng gian gia c\u00f4ng: 200x150x200 (mm)<\/strong><\/p>\n<p><strong>T\u1ed1c \u0111\u1ed9 tr\u1ee5c ch\u00ednh 2000 v\/ph<\/strong><\/p>\n<p><strong>H\u1ec7 \u0111i\u1ec1u khi\u1ec3n Fagor 8025M<\/strong><\/p>\n<p><strong>\u00a0<\/strong><\/td>\n<td><\/td>\n<td><strong>M\u00e1y phay CNC d\u00f9ng \u0111\u1ec3 gia c\u00f4ng chi ti\u1ebft b\u1eb1ng ph\u01b0\u01a1ng ph\u00e1p c\u1eaft g\u1ecdt<\/strong><\/td>\n<\/tr>\n<tr>\n<td><strong>5<\/strong><\/td>\n<td><strong>M\u00e1y ti\u1ec7n ngang CNC 8025 TC<\/strong><\/td>\n<td><strong>Chi\u1ec1u d\u00e0i gia c\u00f4ng: 180(mm)<\/strong><\/p>\n<p><strong>\u0110\u01b0\u1eddng k\u00ednh ph\u00f4i 100(mm)<\/strong><\/p>\n<p><strong>T\u1ed1c \u0111\u1ed9 ch\u00ednh 2000v\/ph<\/strong><\/td>\n<td><\/td>\n<td><strong>M\u00e1y ti\u1ec7n CNC d\u00f9ng \u0111\u1ec3 gia c\u00f4ng chi ti\u1ebft b\u1eb1ng ph\u01b0\u01a1ng ph\u00e1p c\u1eaft g\u1ecdt<\/strong><\/td>\n<\/tr>\n<tr>\n<td><strong>6<\/strong><\/td>\n<td><strong>H\u1ec7 th\u1ed1ng t\u1ea1o m\u1eabu nhanh<\/strong><\/td>\n<td><strong>Kh\u00f4ng gian gia c\u00f4ng: 250x250x250 (mm)<\/strong><\/td>\n<td><\/td>\n<td><strong>M\u00e1y t\u1ea1o m\u1eabu nhanh d\u00f9ng \u0111\u1ec3 t\u1ea1o m\u1eabu nhanh b\u1eb1ng ph\u01b0\u01a1ng ph\u00e1p SLA<\/strong><\/td>\n<\/tr>\n<tr>\n<td><strong>7<\/strong><\/td>\n<td><strong>M\u00e1y phay \u0111\u1ee9ng BRIDGEPORT<\/strong><\/td>\n<td><strong>500x340x500 (mm)<\/strong><\/p>\n<p><strong>T\u1ed1c \u0111\u1ed9 tr\u1ee5c ch\u00ednh: 6000v\/ph<\/strong><\/p>\n<p><strong>H\u1ec7 \u0111i\u1ec1u khi\u1ec3n OM<\/strong><\/td>\n<td><\/td>\n<td><strong>M\u00e1y phay CNC d\u00e2y d\u00f9ng \u0111\u1ec3 gia c\u00f4ng chi ti\u1ebft trong ng\u00e0nh ch\u1ebf t\u1ea1o b\u1eb1ng ph\u01b0\u01a1ng ph\u00e1p c\u1eaft g\u1ecdt<\/strong><\/td>\n<\/tr>\n<tr>\n<td><strong>8<\/strong><\/td>\n<td><strong>Ph\u1ea7n m\u1ec1m gi\u1ea3ng d\u1ea1y CAD\/CAM t\u1ed5ng h\u1ee3p<\/strong><\/td>\n<td><strong>Cimatron E, Pro Engineer<\/strong><\/td>\n<td><strong>\u00a0<\/strong><\/td>\n<td><\/td>\n<\/tr>\n<tr>\n<td><strong>9<\/strong><\/td>\n<td><strong>\u00a0<\/strong><\/p>\n<p><strong>\u00a0<\/strong><\/p>\n<p><strong>Tay do KREON BACES M200\/6<\/strong><\/p>\n<p><strong>\u00a0<\/strong><\/td>\n<td><strong>S\u1ed1 truc: 06<\/strong><\/p>\n<p><strong>Kh\u00f4ng gian \u0111o 2.6m<\/strong><\/p>\n<p><strong>\u0110\u1ed9 ch\u00ednh x\u00e1c l\u1eadp l\u1ea1i 0.04mm<\/strong><\/p>\n<p><strong>\u00a0<\/strong><\/td>\n<td><\/td>\n<td><strong>Tay \u0111o d\u00f9ng \u0111\u1ec3 \u0111o v\u1eadt th\u1ec3 trong kh\u00f4ng gian 3D<\/strong><\/td>\n<\/tr>\n<tr>\n<td><strong>10<\/strong><\/td>\n<td><strong>M\u00e1y HAAS_TL1<\/strong><\/td>\n<td><strong>203mmx762mm<\/strong><\/p>\n<p><strong>T\u1ed1c \u0111\u1ed9 tr\u1ee5c ch\u00ednh: 2000v\/ph<\/strong><\/p>\n<p><strong>\u00a0<\/strong><\/td>\n<td><\/td>\n<td><strong>M\u00e1y Ti\u1ec7n HAAS d\u00f9ng \u0111\u1ec3 gia c\u00f4ng chi ti\u1ebft b\u1eb1ng ph\u01b0\u01a1ng ph\u00e1p c\u1eaft g\u1ecdt<\/strong><\/td>\n<\/tr>\n<tr>\n<td><strong>\u00a0<\/strong><\/p>\n<p><strong>11<\/strong><\/p>\n<p><strong>\u00a0<\/strong><\/td>\n<td><strong>Computer<\/strong><\/td>\n<td><strong>CPU &#8211; Core 2 Dual 3.0GHz<\/strong><\/p>\n<p><strong>Transenet Thinkpower P79Ei<\/strong><\/p>\n<p><strong>Ram &#8211; 1 to 2 GB<\/strong><\/td>\n<td><\/td>\n<td><strong>M\u00e1y t\u00ednh \u0111\u1ec3 b\u00e0n<\/strong><\/td>\n<\/tr>\n<\/tbody>\n<\/table>\n<h3>VII\/ Th\u00f4ng tin li\u00ean h\u1ec7<\/h3>\n<p><strong>\u0110\u1ecba ch\u1ec9:<\/strong> P.100A _ X\u01b0\u1edfng C1_ Khoa C\u01a1 kh\u00ed_ Tr\u01b0\u1eddng \u0110\u1ea1i H\u1ecdc B\u00e1ch Khoa<\/p>\n<p><strong>\u0110i\u1ec7n tho\u1ea1i:<\/strong> 08-38645139<\/p>\n<p><strong>Email:<\/strong> ptncadcam@hcmut.edu.vn<\/p>\n","protected":false},"excerpt":{"rendered":"<p>I\/ General Introduction Ph\u00f2ng th\u00ed nghi\u1ec7m CAD\/CAM-CNC thu\u1ed9c khoa C\u01a1 Kh\u00ed tr\u01b0\u1eddng \u0110\u1ea1i h\u1ecdc B\u00e1ch Khoa TP.HCM \u0111\u01b0\u1ee3c th\u00e0nh l\u1eadp n\u0103m 1997 l\u00e0 m\u1ed9t trong nh\u1eefng ph\u00f2ng th\u00ed nghi\u1ec7m hi\u1ec7n \u0111\u1ea1i trong l\u0129nh v\u1ef1c thi\u1ebft k\u1ebf v\u00e0 s\u1ea3n xu\u1ea5t nh\u1edd [&hellip;]<\/p>\n","protected":false},"author":1,"featured_media":0,"parent":0,"menu_order":0,"comment_status":"closed","ping_status":"closed","template":"","meta":{"footnotes":""},"class_list":["post-746","page","type-page","status-publish","hentry"],"yoast_head":"<!-- This site is optimized with the Yoast SEO plugin v23.5 - https:\/\/yoast.com\/wordpress\/plugins\/seo\/ -->\n<title>CAD\/CAM lab<\/title>\n<meta name=\"robots\" content=\"noindex, follow, max-snippet:-1, max-image-preview:large, max-video-preview:-1\" \/>\n<meta property=\"og:locale\" content=\"en_US\" \/>\n<meta property=\"og:type\" content=\"article\" \/>\n<meta property=\"og:title\" content=\"CAD\/CAM lab\" \/>\n<meta property=\"og:description\" content=\"I\/ General Introduction Ph\u00f2ng th\u00ed nghi\u1ec7m CAD\/CAM-CNC thu\u1ed9c khoa C\u01a1 Kh\u00ed tr\u01b0\u1eddng \u0110\u1ea1i h\u1ecdc B\u00e1ch Khoa TP.HCM \u0111\u01b0\u1ee3c th\u00e0nh l\u1eadp n\u0103m 1997 l\u00e0 m\u1ed9t trong nh\u1eefng ph\u00f2ng th\u00ed nghi\u1ec7m hi\u1ec7n \u0111\u1ea1i trong l\u0129nh v\u1ef1c thi\u1ebft k\u1ebf v\u00e0 s\u1ea3n xu\u1ea5t nh\u1edd [&hellip;]\" \/>\n<meta property=\"og:url\" content=\"https:\/\/fme.hcmut.edu.vn\/en\/cad-cam-lab\/\" \/>\n<meta property=\"og:site_name\" content=\"The faculty of Mechanical Engineering, HCMC University of Technology\" \/>\n<meta property=\"article:modified_time\" content=\"2017-07-17T15:11:48+00:00\" \/>\n<meta property=\"og:image\" content=\"http:\/\/fme.hcmut.edu.vn\/en\/wp-content\/uploads\/2017\/05\/image001_2.jpg\" \/>\n<meta name=\"twitter:card\" content=\"summary_large_image\" \/>\n<meta name=\"twitter:label1\" content=\"Est. reading time\" \/>\n\t<meta name=\"twitter:data1\" content=\"8 minutes\" \/>\n<script type=\"application\/ld+json\" class=\"yoast-schema-graph\">{\"@context\":\"https:\/\/schema.org\",\"@graph\":[{\"@type\":\"WebPage\",\"@id\":\"https:\/\/fme.hcmut.edu.vn\/en\/cad-cam-lab\/\",\"url\":\"https:\/\/fme.hcmut.edu.vn\/en\/cad-cam-lab\/\",\"name\":\"CAD\/CAM lab\",\"isPartOf\":{\"@id\":\"https:\/\/fme.hcmut.edu.vn\/en\/#website\"},\"primaryImageOfPage\":{\"@id\":\"https:\/\/fme.hcmut.edu.vn\/en\/cad-cam-lab\/#primaryimage\"},\"image\":{\"@id\":\"https:\/\/fme.hcmut.edu.vn\/en\/cad-cam-lab\/#primaryimage\"},\"thumbnailUrl\":\"http:\/\/fme.hcmut.edu.vn\/en\/wp-content\/uploads\/2017\/05\/image001_2.jpg\",\"datePublished\":\"2017-05-10T16:55:55+00:00\",\"dateModified\":\"2017-07-17T15:11:48+00:00\",\"breadcrumb\":{\"@id\":\"https:\/\/fme.hcmut.edu.vn\/en\/cad-cam-lab\/#breadcrumb\"},\"inLanguage\":\"en-US\",\"potentialAction\":[{\"@type\":\"ReadAction\",\"target\":[\"https:\/\/fme.hcmut.edu.vn\/en\/cad-cam-lab\/\"]}]},{\"@type\":\"ImageObject\",\"inLanguage\":\"en-US\",\"@id\":\"https:\/\/fme.hcmut.edu.vn\/en\/cad-cam-lab\/#primaryimage\",\"url\":\"https:\/\/fme.hcmut.edu.vn\/en\/wp-content\/uploads\/2017\/05\/image001_2.jpg\",\"contentUrl\":\"https:\/\/fme.hcmut.edu.vn\/en\/wp-content\/uploads\/2017\/05\/image001_2.jpg\",\"width\":700,\"height\":460},{\"@type\":\"BreadcrumbList\",\"@id\":\"https:\/\/fme.hcmut.edu.vn\/en\/cad-cam-lab\/#breadcrumb\",\"itemListElement\":[{\"@type\":\"ListItem\",\"position\":1,\"name\":\"Home\",\"item\":\"https:\/\/fme.hcmut.edu.vn\/en\/\"},{\"@type\":\"ListItem\",\"position\":2,\"name\":\"CAD\/CAM lab\"}]},{\"@type\":\"WebSite\",\"@id\":\"https:\/\/fme.hcmut.edu.vn\/en\/#website\",\"url\":\"https:\/\/fme.hcmut.edu.vn\/en\/\",\"name\":\"The faculty of Mechanical Engineering, HCMC University of Technology\",\"description\":\"\",\"potentialAction\":[{\"@type\":\"SearchAction\",\"target\":{\"@type\":\"EntryPoint\",\"urlTemplate\":\"https:\/\/fme.hcmut.edu.vn\/en\/?s={search_term_string}\"},\"query-input\":{\"@type\":\"PropertyValueSpecification\",\"valueRequired\":true,\"valueName\":\"search_term_string\"}}],\"inLanguage\":\"en-US\"}]}<\/script>\n<!-- \/ Yoast SEO plugin. -->","yoast_head_json":{"title":"CAD\/CAM lab","robots":{"index":"noindex","follow":"follow","max-snippet":"max-snippet:-1","max-image-preview":"max-image-preview:large","max-video-preview":"max-video-preview:-1"},"og_locale":"en_US","og_type":"article","og_title":"CAD\/CAM lab","og_description":"I\/ General Introduction Ph\u00f2ng th\u00ed nghi\u1ec7m CAD\/CAM-CNC thu\u1ed9c khoa C\u01a1 Kh\u00ed tr\u01b0\u1eddng \u0110\u1ea1i h\u1ecdc B\u00e1ch Khoa TP.HCM \u0111\u01b0\u1ee3c th\u00e0nh l\u1eadp n\u0103m 1997 l\u00e0 m\u1ed9t trong nh\u1eefng ph\u00f2ng th\u00ed nghi\u1ec7m hi\u1ec7n \u0111\u1ea1i trong l\u0129nh v\u1ef1c thi\u1ebft k\u1ebf v\u00e0 s\u1ea3n xu\u1ea5t nh\u1edd [&hellip;]","og_url":"https:\/\/fme.hcmut.edu.vn\/en\/cad-cam-lab\/","og_site_name":"The faculty of Mechanical Engineering, HCMC University of Technology","article_modified_time":"2017-07-17T15:11:48+00:00","og_image":[{"url":"http:\/\/fme.hcmut.edu.vn\/en\/wp-content\/uploads\/2017\/05\/image001_2.jpg"}],"twitter_card":"summary_large_image","twitter_misc":{"Est. reading time":"8 minutes"},"schema":{"@context":"https:\/\/schema.org","@graph":[{"@type":"WebPage","@id":"https:\/\/fme.hcmut.edu.vn\/en\/cad-cam-lab\/","url":"https:\/\/fme.hcmut.edu.vn\/en\/cad-cam-lab\/","name":"CAD\/CAM lab","isPartOf":{"@id":"https:\/\/fme.hcmut.edu.vn\/en\/#website"},"primaryImageOfPage":{"@id":"https:\/\/fme.hcmut.edu.vn\/en\/cad-cam-lab\/#primaryimage"},"image":{"@id":"https:\/\/fme.hcmut.edu.vn\/en\/cad-cam-lab\/#primaryimage"},"thumbnailUrl":"http:\/\/fme.hcmut.edu.vn\/en\/wp-content\/uploads\/2017\/05\/image001_2.jpg","datePublished":"2017-05-10T16:55:55+00:00","dateModified":"2017-07-17T15:11:48+00:00","breadcrumb":{"@id":"https:\/\/fme.hcmut.edu.vn\/en\/cad-cam-lab\/#breadcrumb"},"inLanguage":"en-US","potentialAction":[{"@type":"ReadAction","target":["https:\/\/fme.hcmut.edu.vn\/en\/cad-cam-lab\/"]}]},{"@type":"ImageObject","inLanguage":"en-US","@id":"https:\/\/fme.hcmut.edu.vn\/en\/cad-cam-lab\/#primaryimage","url":"https:\/\/fme.hcmut.edu.vn\/en\/wp-content\/uploads\/2017\/05\/image001_2.jpg","contentUrl":"https:\/\/fme.hcmut.edu.vn\/en\/wp-content\/uploads\/2017\/05\/image001_2.jpg","width":700,"height":460},{"@type":"BreadcrumbList","@id":"https:\/\/fme.hcmut.edu.vn\/en\/cad-cam-lab\/#breadcrumb","itemListElement":[{"@type":"ListItem","position":1,"name":"Home","item":"https:\/\/fme.hcmut.edu.vn\/en\/"},{"@type":"ListItem","position":2,"name":"CAD\/CAM lab"}]},{"@type":"WebSite","@id":"https:\/\/fme.hcmut.edu.vn\/en\/#website","url":"https:\/\/fme.hcmut.edu.vn\/en\/","name":"The faculty of Mechanical Engineering, HCMC University of Technology","description":"","potentialAction":[{"@type":"SearchAction","target":{"@type":"EntryPoint","urlTemplate":"https:\/\/fme.hcmut.edu.vn\/en\/?s={search_term_string}"},"query-input":{"@type":"PropertyValueSpecification","valueRequired":true,"valueName":"search_term_string"}}],"inLanguage":"en-US"}]}},"_links":{"self":[{"href":"https:\/\/fme.hcmut.edu.vn\/en\/wp-json\/wp\/v2\/pages\/746"}],"collection":[{"href":"https:\/\/fme.hcmut.edu.vn\/en\/wp-json\/wp\/v2\/pages"}],"about":[{"href":"https:\/\/fme.hcmut.edu.vn\/en\/wp-json\/wp\/v2\/types\/page"}],"author":[{"embeddable":true,"href":"https:\/\/fme.hcmut.edu.vn\/en\/wp-json\/wp\/v2\/users\/1"}],"replies":[{"embeddable":true,"href":"https:\/\/fme.hcmut.edu.vn\/en\/wp-json\/wp\/v2\/comments?post=746"}],"version-history":[{"count":0,"href":"https:\/\/fme.hcmut.edu.vn\/en\/wp-json\/wp\/v2\/pages\/746\/revisions"}],"wp:attachment":[{"href":"https:\/\/fme.hcmut.edu.vn\/en\/wp-json\/wp\/v2\/media?parent=746"}],"curies":[{"name":"wp","href":"https:\/\/api.w.org\/{rel}","templated":true}]}}