{"id":751,"date":"2017-05-11T00:16:57","date_gmt":"2017-05-10T17:16:57","guid":{"rendered":"http:\/\/fme.hcmut.edu.vn\/en\/?page_id=751"},"modified":"2017-07-17T22:14:19","modified_gmt":"2017-07-17T15:14:19","slug":"mechanical-workshop","status":"publish","type":"page","link":"https:\/\/fme.hcmut.edu.vn\/en\/mechanical-workshop\/","title":{"rendered":"Mechanical workshop"},"content":{"rendered":"<h3 style=\"text-align: center;\">\u0110\u1ea0I H\u1eccC B\u00c1CH KHOA TH\u00c0NH PH\u1ed0 H\u1ed2 CH\u00cd MINH<\/h3>\n<h3 style=\"text-align: center;\">KHOA C\u01a0 KH\u00cd<\/h3>\n<h3 style=\"text-align: center;\">X\u01af\u1edeNG C\u01a0 KH\u00cd C1<\/h3>\n<p><strong>1) Gi\u1edbi thi\u1ec7u<\/strong><\/p>\n<p>X\u01b0\u1edfng C\u01a1 kh\u00ed C1 thu\u1ed9c khoa C\u01a1 kh\u00ed tr\u01b0\u1eddng \u0110\u1ea1i h\u1ecdc B\u00e1ch khoa Th\u00e0nh ph\u1ed1 H\u1ed3 Ch\u00ed Minh th\u00e0nh l\u1eadp t\u1eeb th\u1eadp ni\u00ean 60, nh\u1eb1m \u0111\u00e0o t\u1ea1o k\u1ef9 n\u0103ng th\u1ef1c h\u00e0nh cho sinh vi\u00ean khoa C\u01a1 kh\u00ed v\u00e0 \u0111\u00e1p \u1ee9ng nhu c\u1ea7u nghi\u00ean c\u1ee9u , ph\u00e1t tri\u1ec3n c\u00f4ng ngh\u1ec7 trong l\u0129nh v\u1ef1c C\u01a1 kh\u00ed.<\/p>\n<p><strong>2)Facilities<\/strong><\/p>\n<p>X\u01b0\u1edfng \u0111\u01b0\u1ee3c trang b\u1ecb nhi\u1ec1u lo\u1ea1i trang thi\u1ebft b\u1ecb c\u01a1 kh\u00ed kh\u00e1c nhau, c\u00f3 c\u1ea3 c\u00e1c thi\u1ebft b\u1ecb c\u01a1 b\u1ea3n v\u00e0 c\u00e1c thi\u1ebft b\u1ecb hi\u1ec7n \u0111\u1ea1i nh\u01b0 m\u00e1y ti\u1ec7n, m\u00e1y phay, m\u00e1y b\u00e0o, m\u00e1y m\u00e0i, m\u00e1y gia c\u00f4ng r\u0103ng, mhi\u1ebft b\u1ecb gia c\u00f4ng ngu\u1ed9i, thi\u1ebft b\u1ecb \u0111\u00fac v\u00e0 m\u1ed9c m\u1eabu\u2026<\/p>\n<p><strong>3) Academics<\/strong><\/p>\n<ul>\n<li>Ph\u1ee5c v\u1ee5 c\u00e1c m\u00f4n th\u1ef1c h\u00e0nh:\n<ul>\n<li>Th\u1ef1c t\u1eadp c\u01a1 kh\u00ed \u0111\u1ea1i c\u01b0\u01a1ng<\/li>\n<li>Th\u1ef1c t\u1eadp c\u00f4ng nh\u00e2n<\/li>\n<li>Th\u1ef1c t\u1eadp t\u1ed1t nghi\u1ec7p<\/li>\n<li>Th\u00ed nghi\u1ec7m c\u00f4ng ngh\u1ec7 ch\u1ebf t\u1ea1o m\u00e1y<\/li>\n<\/ul>\n<\/li>\n<li>Ph\u1ee5c v\u1ee5 nhi\u1ec7m v\u1ee5 Lu\u1eadn v\u0103n t\u1ed1t nghi\u1ec7p \u0111\u1ea1i h\u1ecdc v\u00e0 Lu\u1eadn v\u0103n th\u1ea1c s\u0129<\/li>\n<\/ul>\n<p><strong>4) Nghi\u00ean c\u1ee9u v\u00e0 ph\u00e1t tri\u1ec3n c\u00f4ng ngh\u1ec7<\/strong><\/p>\n<ul>\n<li>Ph\u1ee5c v\u1ee5 cho vi\u1ec7c nghi\u00ean c\u1ee9u khoa h\u1ecdc c\u1ee7a sinh vi\u00ean, h\u1ecdc vi\u00ean cao h\u1ecdc trong l\u0129nh v\u1ef1c c\u01a1 kh\u00ed.<\/li>\n<li>Ph\u1ee5c v\u1ee5 nghi\u00ean c\u1ee9u v\u00e0 ch\u1ebf t\u1ea1o c\u00e1c thi\u1ebft b\u1ecb, m\u00e1y m\u00f3c c\u00f4ng nghi\u1ec7p nh\u01b0 m\u00e1y c\u00e1n x\u00e0 g\u1ed3, m\u00e1y c\u00e1n tole, m\u00e1y ch\u1ea5n\u2026 theo y\u00eau c\u1ea7u c\u1ee7a c\u00e1c doanh nghi\u1ec7p.<\/li>\n<\/ul>\n<p><strong>5) Th\u00f4ng tin li\u00ean l\u1ea1c<\/strong><\/p>\n<ul>\n<li>X\u01b0\u1edfng C\u01a1 Kh\u00ed C1, Khoa C\u01a1 Kh\u00ed, Tr\u01b0\u1eddng \u0110\u1ea1i h\u1ecdc B\u00e1ch Khoa Tp.HCM<\/li>\n<li>\u0110\u1ecba ch\u1ec9: 268 L\u00fd Th\u01b0\u1eddng Ki\u1ec7t, Ph\u01b0\u1eddng 14, Qu\u1eadn 10, Tp.HCM.<\/li>\n<li>\u0110i\u1ec7n tho\u1ea1i: 08.8653 818<\/li>\n<\/ul>\n<p><em><strong>THI\u1ebeT B\u1eca HI\u1ec6N C\u00d3 C\u1ee6A X\u01af\u1edeNG C1<\/strong><\/em><\/p>\n<table border=\"1\" width=\"100%\" cellspacing=\"0\" cellpadding=\"5\">\n<tbody>\n<tr>\n<td valign=\"top\"><strong>STT<\/strong><\/td>\n<td valign=\"top\"><strong>T\u00ean thi\u1ebft b\u1ecb<\/strong><\/td>\n<td valign=\"top\"><strong>Xu\u1ea5t x\u1ee9<\/strong><\/td>\n<td valign=\"top\"><strong>S\u1ed1 l\u01b0\u1ee3ng<\/strong><\/td>\n<\/tr>\n<tr>\n<td valign=\"top\">1<\/td>\n<td valign=\"top\">M\u00e1y b\u00e0o c\u1ea7n L=500mm<\/td>\n<td valign=\"top\">Ph\u00e1p<\/td>\n<td valign=\"top\">2<\/td>\n<\/tr>\n<tr>\n<td valign=\"top\">2<\/td>\n<td valign=\"top\">M\u00e1y b\u00e0o c\u1ea7n L=350mm hi\u1ec7u VCHOMMIENNE<\/td>\n<td valign=\"top\">Ph\u00e1p<\/td>\n<td valign=\"top\">3<\/td>\n<\/tr>\n<tr>\n<td valign=\"top\">3<\/td>\n<td valign=\"top\">M\u00e1y b\u00e0o gi\u01b0\u1eddng L=1500mm hi\u1ec7u LINE<\/td>\n<td valign=\"top\">Ph\u00e1p<\/td>\n<td valign=\"top\">1<\/td>\n<\/tr>\n<tr>\n<td valign=\"top\">4<\/td>\n<td valign=\"top\">M\u00e1y khoan b\u00e0n \u00c6 <sub>Max 8mm<\/sub><\/td>\n<td valign=\"top\">Ph\u00e1p<\/td>\n<td valign=\"top\">2<\/td>\n<\/tr>\n<tr>\n<td valign=\"top\">5<\/td>\n<td valign=\"top\">M\u00e1y khoan c\u1ea7n \u00c6 <sub>Max 40mm<\/sub><\/td>\n<td valign=\"top\">Ph\u00e1p<\/td>\n<td valign=\"top\">1<\/td>\n<\/tr>\n<tr>\n<td valign=\"top\">6<\/td>\n<td valign=\"top\">M\u00e1y m\u00e0i c\u00f3 t\u00e2m hi\u1ec7u GENDRON<\/td>\n<td valign=\"top\">Ph\u00e1p<\/td>\n<td valign=\"top\">1<\/td>\n<\/tr>\n<tr>\n<td valign=\"top\">7<\/td>\n<td valign=\"top\">M\u00e1y m\u00e0i v\u00f4 t\u00e2m hi\u1ec7u MICROREX<\/td>\n<td valign=\"top\">Ph\u00e1p<\/td>\n<td valign=\"top\">1<\/td>\n<\/tr>\n<tr>\n<td valign=\"top\">8<\/td>\n<td valign=\"top\">M\u00e1y m\u00e0i l\u1ed5 hi\u1ec7u CINCINATI<\/td>\n<td valign=\"top\">Ph\u00e1p<\/td>\n<td valign=\"top\">1<\/td>\n<\/tr>\n<tr>\n<td valign=\"top\">9<\/td>\n<td valign=\"top\">M\u00e1y m\u00e0i ph\u1eb3ng hi\u1ec7u CINCINATI<\/td>\n<td valign=\"top\">Ph\u00e1p<\/td>\n<td valign=\"top\">1<\/td>\n<\/tr>\n<tr>\n<td valign=\"top\">10<\/td>\n<td valign=\"top\">M\u00e1y m\u00e0i 2 \u0111\u00e1 \u00c6 <sub>\u0110\u00e1 150mm<\/sub><\/td>\n<td valign=\"top\">Ph\u00e1p<\/td>\n<td valign=\"top\">3<\/td>\n<\/tr>\n<tr>\n<td valign=\"top\">11<\/td>\n<td valign=\"top\">M\u00e1y phay n\u1eb1m ngang hi\u1ec7u GRAFFENTADEN<\/td>\n<td valign=\"top\">Ph\u00e1p<\/td>\n<td valign=\"top\">1<\/td>\n<\/tr>\n<tr>\n<td valign=\"top\">12<\/td>\n<td valign=\"top\">M\u00e1y phay v\u1ea1n n\u0103ng hi\u1ec7u ACERA<\/td>\n<td valign=\"top\">Ph\u00e1p<\/td>\n<td valign=\"top\">3<\/td>\n<\/tr>\n<tr>\n<td valign=\"top\">13<\/td>\n<td valign=\"top\">M\u00e1y phay v\u1ea1n n\u0103ng SOMUA<\/td>\n<td valign=\"top\">Ph\u00e1p<\/td>\n<td valign=\"top\">4<\/td>\n<\/tr>\n<tr>\n<td valign=\"top\">14<\/td>\n<td valign=\"top\">M\u00e1y c\u01b0a c\u1ea7n ULTRA<\/td>\n<td valign=\"top\">Ph\u00e1p<\/td>\n<td valign=\"top\">1<\/td>\n<\/tr>\n<tr>\n<td valign=\"top\">15<\/td>\n<td valign=\"top\">M\u00e1y ti\u1ec7n b\u00e1n t\u1ef1 \u0111\u1ed9ng hi\u1ec7u RECONVER<\/td>\n<td valign=\"top\">Ph\u00e1p<\/td>\n<td valign=\"top\">1<\/td>\n<\/tr>\n<tr>\n<td valign=\"top\">16<\/td>\n<td valign=\"top\">M\u00e1y ti\u1ec7n n\u1eb1m hi\u1ec7u DEVALLIERE<\/td>\n<td valign=\"top\">Ph\u00e1p<\/td>\n<td valign=\"top\">3<\/td>\n<\/tr>\n<tr>\n<td valign=\"top\">17<\/td>\n<td valign=\"top\">M\u00e1y ti\u1ec7n hi\u1ec7u RAMO<\/td>\n<td valign=\"top\">Ph\u00e1p<\/td>\n<td valign=\"top\">2<\/td>\n<\/tr>\n<tr>\n<td valign=\"top\">18<\/td>\n<td valign=\"top\">M\u00e1y ti\u1ec7n hi\u1ec7u TITAN<\/td>\n<td valign=\"top\">Ph\u00e1p<\/td>\n<td valign=\"top\">1<\/td>\n<\/tr>\n<tr>\n<td valign=\"top\">19<\/td>\n<td valign=\"top\">M\u00e1y ti\u1ec7n hi\u1ec7u SOMUA<\/td>\n<td valign=\"top\">Ph\u00e1p<\/td>\n<td valign=\"top\">3<\/td>\n<\/tr>\n<tr>\n<td valign=\"top\">20<\/td>\n<td valign=\"top\">M\u00e1y x\u1ecdc then hi\u1ec7u URV<\/td>\n<td valign=\"top\">Ph\u00e1p<\/td>\n<td valign=\"top\">1<\/td>\n<\/tr>\n<tr>\n<td valign=\"top\">21<\/td>\n<td valign=\"top\">M\u00e1y phay l\u0103n r\u0103ng<\/td>\n<td valign=\"top\">Li\u00ean X\u00f4<\/td>\n<td valign=\"top\">1<\/td>\n<\/tr>\n<tr>\n<td valign=\"top\">22<\/td>\n<td valign=\"top\">M\u00e1y x\u1ecdc b\u00e1nh r\u0103ng<\/td>\n<td valign=\"top\">Li\u00ean X\u00f4<\/td>\n<td valign=\"top\">1<\/td>\n<\/tr>\n<\/tbody>\n<\/table>\n","protected":false},"excerpt":{"rendered":"<p>\u0110\u1ea0I H\u1eccC B\u00c1CH KHOA TH\u00c0NH PH\u1ed0 H\u1ed2 CH\u00cd MINH KHOA C\u01a0 KH\u00cd X\u01af\u1edeNG C\u01a0 KH\u00cd C1 1) Gi\u1edbi thi\u1ec7u X\u01b0\u1edfng C\u01a1 kh\u00ed C1 thu\u1ed9c khoa C\u01a1 kh\u00ed tr\u01b0\u1eddng \u0110\u1ea1i h\u1ecdc B\u00e1ch khoa Th\u00e0nh ph\u1ed1 H\u1ed3 Ch\u00ed Minh th\u00e0nh l\u1eadp t\u1eeb [&hellip;]<\/p>\n","protected":false},"author":1,"featured_media":0,"parent":0,"menu_order":0,"comment_status":"closed","ping_status":"closed","template":"","meta":{"footnotes":""},"class_list":["post-751","page","type-page","status-publish","hentry"],"yoast_head":"<!-- This site is optimized with the Yoast SEO plugin v23.5 - https:\/\/yoast.com\/wordpress\/plugins\/seo\/ -->\n<title>Mechanical workshop<\/title>\n<meta name=\"robots\" content=\"noindex, follow, max-snippet:-1, max-image-preview:large, max-video-preview:-1\" \/>\n<meta property=\"og:locale\" content=\"en_US\" \/>\n<meta property=\"og:type\" content=\"article\" \/>\n<meta property=\"og:title\" content=\"Mechanical workshop\" \/>\n<meta property=\"og:description\" content=\"\u0110\u1ea0I H\u1eccC B\u00c1CH KHOA TH\u00c0NH PH\u1ed0 H\u1ed2 CH\u00cd MINH KHOA C\u01a0 KH\u00cd X\u01af\u1edeNG C\u01a0 KH\u00cd C1 1) Gi\u1edbi thi\u1ec7u X\u01b0\u1edfng C\u01a1 kh\u00ed C1 thu\u1ed9c khoa C\u01a1 kh\u00ed tr\u01b0\u1eddng \u0110\u1ea1i h\u1ecdc B\u00e1ch khoa Th\u00e0nh ph\u1ed1 H\u1ed3 Ch\u00ed Minh th\u00e0nh l\u1eadp t\u1eeb [&hellip;]\" \/>\n<meta property=\"og:url\" content=\"https:\/\/fme.hcmut.edu.vn\/en\/mechanical-workshop\/\" \/>\n<meta property=\"og:site_name\" content=\"The faculty of Mechanical Engineering, HCMC University of Technology\" \/>\n<meta property=\"article:modified_time\" content=\"2017-07-17T15:14:19+00:00\" \/>\n<meta name=\"twitter:card\" content=\"summary_large_image\" \/>\n<meta name=\"twitter:label1\" content=\"Est. reading time\" \/>\n\t<meta name=\"twitter:data1\" content=\"3 minutes\" \/>\n<script type=\"application\/ld+json\" class=\"yoast-schema-graph\">{\"@context\":\"https:\/\/schema.org\",\"@graph\":[{\"@type\":\"WebPage\",\"@id\":\"https:\/\/fme.hcmut.edu.vn\/en\/mechanical-workshop\/\",\"url\":\"https:\/\/fme.hcmut.edu.vn\/en\/mechanical-workshop\/\",\"name\":\"Mechanical workshop\",\"isPartOf\":{\"@id\":\"https:\/\/fme.hcmut.edu.vn\/en\/#website\"},\"datePublished\":\"2017-05-10T17:16:57+00:00\",\"dateModified\":\"2017-07-17T15:14:19+00:00\",\"breadcrumb\":{\"@id\":\"https:\/\/fme.hcmut.edu.vn\/en\/mechanical-workshop\/#breadcrumb\"},\"inLanguage\":\"en-US\",\"potentialAction\":[{\"@type\":\"ReadAction\",\"target\":[\"https:\/\/fme.hcmut.edu.vn\/en\/mechanical-workshop\/\"]}]},{\"@type\":\"BreadcrumbList\",\"@id\":\"https:\/\/fme.hcmut.edu.vn\/en\/mechanical-workshop\/#breadcrumb\",\"itemListElement\":[{\"@type\":\"ListItem\",\"position\":1,\"name\":\"Home\",\"item\":\"https:\/\/fme.hcmut.edu.vn\/en\/\"},{\"@type\":\"ListItem\",\"position\":2,\"name\":\"Mechanical workshop\"}]},{\"@type\":\"WebSite\",\"@id\":\"https:\/\/fme.hcmut.edu.vn\/en\/#website\",\"url\":\"https:\/\/fme.hcmut.edu.vn\/en\/\",\"name\":\"The faculty of Mechanical Engineering, HCMC University of Technology\",\"description\":\"\",\"potentialAction\":[{\"@type\":\"SearchAction\",\"target\":{\"@type\":\"EntryPoint\",\"urlTemplate\":\"https:\/\/fme.hcmut.edu.vn\/en\/?s={search_term_string}\"},\"query-input\":{\"@type\":\"PropertyValueSpecification\",\"valueRequired\":true,\"valueName\":\"search_term_string\"}}],\"inLanguage\":\"en-US\"}]}<\/script>\n<!-- \/ Yoast SEO plugin. -->","yoast_head_json":{"title":"Mechanical workshop","robots":{"index":"noindex","follow":"follow","max-snippet":"max-snippet:-1","max-image-preview":"max-image-preview:large","max-video-preview":"max-video-preview:-1"},"og_locale":"en_US","og_type":"article","og_title":"Mechanical workshop","og_description":"\u0110\u1ea0I H\u1eccC B\u00c1CH KHOA TH\u00c0NH PH\u1ed0 H\u1ed2 CH\u00cd MINH KHOA C\u01a0 KH\u00cd X\u01af\u1edeNG C\u01a0 KH\u00cd C1 1) Gi\u1edbi thi\u1ec7u X\u01b0\u1edfng C\u01a1 kh\u00ed C1 thu\u1ed9c khoa C\u01a1 kh\u00ed tr\u01b0\u1eddng \u0110\u1ea1i h\u1ecdc B\u00e1ch khoa Th\u00e0nh ph\u1ed1 H\u1ed3 Ch\u00ed Minh th\u00e0nh l\u1eadp t\u1eeb [&hellip;]","og_url":"https:\/\/fme.hcmut.edu.vn\/en\/mechanical-workshop\/","og_site_name":"The faculty of Mechanical Engineering, HCMC University of Technology","article_modified_time":"2017-07-17T15:14:19+00:00","twitter_card":"summary_large_image","twitter_misc":{"Est. reading time":"3 minutes"},"schema":{"@context":"https:\/\/schema.org","@graph":[{"@type":"WebPage","@id":"https:\/\/fme.hcmut.edu.vn\/en\/mechanical-workshop\/","url":"https:\/\/fme.hcmut.edu.vn\/en\/mechanical-workshop\/","name":"Mechanical workshop","isPartOf":{"@id":"https:\/\/fme.hcmut.edu.vn\/en\/#website"},"datePublished":"2017-05-10T17:16:57+00:00","dateModified":"2017-07-17T15:14:19+00:00","breadcrumb":{"@id":"https:\/\/fme.hcmut.edu.vn\/en\/mechanical-workshop\/#breadcrumb"},"inLanguage":"en-US","potentialAction":[{"@type":"ReadAction","target":["https:\/\/fme.hcmut.edu.vn\/en\/mechanical-workshop\/"]}]},{"@type":"BreadcrumbList","@id":"https:\/\/fme.hcmut.edu.vn\/en\/mechanical-workshop\/#breadcrumb","itemListElement":[{"@type":"ListItem","position":1,"name":"Home","item":"https:\/\/fme.hcmut.edu.vn\/en\/"},{"@type":"ListItem","position":2,"name":"Mechanical workshop"}]},{"@type":"WebSite","@id":"https:\/\/fme.hcmut.edu.vn\/en\/#website","url":"https:\/\/fme.hcmut.edu.vn\/en\/","name":"The faculty of Mechanical Engineering, HCMC University of Technology","description":"","potentialAction":[{"@type":"SearchAction","target":{"@type":"EntryPoint","urlTemplate":"https:\/\/fme.hcmut.edu.vn\/en\/?s={search_term_string}"},"query-input":{"@type":"PropertyValueSpecification","valueRequired":true,"valueName":"search_term_string"}}],"inLanguage":"en-US"}]}},"_links":{"self":[{"href":"https:\/\/fme.hcmut.edu.vn\/en\/wp-json\/wp\/v2\/pages\/751"}],"collection":[{"href":"https:\/\/fme.hcmut.edu.vn\/en\/wp-json\/wp\/v2\/pages"}],"about":[{"href":"https:\/\/fme.hcmut.edu.vn\/en\/wp-json\/wp\/v2\/types\/page"}],"author":[{"embeddable":true,"href":"https:\/\/fme.hcmut.edu.vn\/en\/wp-json\/wp\/v2\/users\/1"}],"replies":[{"embeddable":true,"href":"https:\/\/fme.hcmut.edu.vn\/en\/wp-json\/wp\/v2\/comments?post=751"}],"version-history":[{"count":0,"href":"https:\/\/fme.hcmut.edu.vn\/en\/wp-json\/wp\/v2\/pages\/751\/revisions"}],"wp:attachment":[{"href":"https:\/\/fme.hcmut.edu.vn\/en\/wp-json\/wp\/v2\/media?parent=751"}],"curies":[{"name":"wp","href":"https:\/\/api.w.org\/{rel}","templated":true}]}}