{"id":752,"date":"2017-05-11T00:18:08","date_gmt":"2017-05-10T17:18:08","guid":{"rendered":"http:\/\/fme.hcmut.edu.vn\/en\/?page_id=752"},"modified":"2025-10-31T16:30:13","modified_gmt":"2025-10-31T09:30:13","slug":"cdio-co-working-space","status":"publish","type":"page","link":"https:\/\/fme.hcmut.edu.vn\/en\/cdio-co-working-space\/","title":{"rendered":"CDIO co-Working space"},"content":{"rendered":"<h1>1. Introduction<\/h1>\n<p>The CDIO Learning Space, under the Faculty of Mechanical Engineering at the Ho Chi Minh City University of Technology, was established to create a learning and scientific research environment, while also enhancing practical skills for students of the university.<\/p>\n<p>CDIO is an acronym for the English phrase Conceive &#8211; Design &#8211; Implement &#8211; Operate. With its motto of providing a standardized process, the CDIO Learning Space, as its name suggests, builds a classroom model equipped with basic equipment, creating an open space to support students. Concurrently, the unit is also a hub for academic and recreational activities and, furthermore, for international exchanges, such as the Vietnam-Korea exchange and free Inventor classes, etc.<\/p>\n<p>List of Members<\/p>\n<table class=\"table table-hover\">\n<tr>\n<td>\n  <img loading=\"lazy\" decoding=\"async\" width=\"861\" height=\"1290\" alt=\"A person wearing a white shirt and blue tie\n\nAI-generated content may be incorrect.\" src=\"http:\/\/fme.hcmut.edu.vn\/en\/wp-content\/uploads\/2025\/10\/a-person-wearing-a-white-shirt-and-blue-tie-ai-ge-2.jpeg\" class=\"wp-image-1345\" srcset=\"https:\/\/fme.hcmut.edu.vn\/en\/wp-content\/uploads\/2025\/10\/a-person-wearing-a-white-shirt-and-blue-tie-ai-ge-2.jpeg 861w, https:\/\/fme.hcmut.edu.vn\/en\/wp-content\/uploads\/2025\/10\/a-person-wearing-a-white-shirt-and-blue-tie-ai-ge-2-768x1151.jpeg 768w\" sizes=\"(max-width: 861px) 100vw, 861px\" \/><\/td>\n<td><strong>Dr. BANH QUOC NGUYEN<\/strong><\/p>\n<p><strong>Position: Manager of the CDIO Space &#8211; Faculty of Mechanical Engineering<\/strong><\/p>\n<p><strong>Email: <\/strong><a href=\"mailto:bqnguyen@hcmut.edu.vn\"><strong>bqnguyen@hcmut.edu.vn<\/strong><\/a><strong> <\/strong><\/p>\n<p><strong>Department: Manufacturing Engineering<\/strong><\/td>\n<\/tr>\n<\/table>\n<h1>2. Activities<\/h1>\n<p><strong>a. Scientific Articles<\/strong><\/p>\n<ul>\n<li>\n    Quoc-Nguyen Banh, Van-Keo Dong, Xuan-Hiep Tran, Anh-Son Tran, Minh-Tuan Ho, Optimization of process parameters for sink marks and shrinkage reduction in family molds using Grey-based Taguchi method, Advances in Mechanical Engineering (AIME), 17, 1-14, 2025<\/li>\n<li>\n    Keo Van Dong; Hiep Xuan Tran; Quoc-Nguyen Banh; Son Anh Tran; Lynh Huyen Duong, Determination of Geometrical Parameters to Balance the Pressure Drop of Channels on a Microfluidic Chip, Advances in Science and Technology, 161, 53-61, 2025<\/li>\n<li>\n    Anh-Chuong Le, Viet-Khai Le, Triet-Hung Ho, Anh-Son Tran, Quoc-Nguyen Banh, Minh-Tuan Ho, Effects of Groove Depth and Sheet Thickness on V-Bending Process Predicted by Finite Element Analysis, Advances in Science and Technology, 161, 99-108, 2025<\/li>\n<li>\n    Quoc Nguyen Banh, Luong Hong Sam and Tran Anh Son, Optimization of the Novel Vacuum Drying Process\u2019s Parameters on the Dragon Fruit Chips, Key Engineering Materials, Vol. 923, 7, 2022<\/li>\n<li>\n    Quoc-Nguyen Banh, Hai-Dang Nguyen, Anh-Son Tran, Numerical simulation and experimental validation of surface roughness by the smoothing small ball-burnishing process, Machines, 9(3), 13, 2021<\/li>\n<\/ul>\n<p><strong>b. Textbooks<\/strong><\/p>\n<ul>\n<li>\n    Tr\u1ea7n Do\u00e3n S\u01a1n (ch\u1ee7 bi\u00ean), Tr\u1ea7n Anh S\u01a1n, H\u1ed3 Tri\u1ebft H\u01b0ng, B\u00e0nh Qu\u1ed1c Nguy\u00ean, Gi\u00e1o tr\u00ecnh K\u1ef9 thu\u1eadt ch\u1ebf t\u1ea1o 2, Nh\u00e0 xu\u1ea5t b\u1ea3n \u0110\u1ea1i h\u1ecdc Qu\u1ed1c gia TP. H\u1ed3 Ch\u00ed Minh, 2020<\/li>\n<\/ul>\n<p><strong>c. Project<\/strong><\/p>\n<ul>\n<li>\n    Research on mold layout and process parameters optimization for family mold, VNU Category C project, 1\/2024 \u2013 1\/2025<\/li>\n<li>\n    Improvement of Surface Integrity using Ball-burnishing Process, University-level project, 9\/2019 \u2013 9\/2020<\/li>\n<li>\n    Research on technological process, design, and fabrication of a black garlic making machine with a capacity of 25 kg per batch for domestic and export markets, University-level project, 1\/2016 \u2013 12\/2016<\/li>\n<\/ul>\n<h1>3. Images<\/h1>\n<p><img loading=\"lazy\" decoding=\"async\" width=\"761\" height=\"633\" alt=\"A sign on a wall\n\nAI-generated content may be incorrect.\" src=\"http:\/\/fme.hcmut.edu.vn\/en\/wp-content\/uploads\/2025\/10\/a-sign-on-a-wall-ai-generated-content-may-be-inco.jpeg\" class=\"wp-image-1346\" \/><\/p>\n<p><img loading=\"lazy\" decoding=\"async\" width=\"657\" height=\"621\" alt=\"A sign on a wall\n\nAI-generated content may be incorrect.\" src=\"http:\/\/fme.hcmut.edu.vn\/en\/wp-content\/uploads\/2025\/10\/a-sign-on-a-wall-ai-generated-content-may-be-inco-1.jpeg\" class=\"wp-image-1347\" \/><\/p>\n<p><img loading=\"lazy\" decoding=\"async\" width=\"660\" height=\"880\" alt=\"A room with a table and chairs\n\nAI-generated content may be incorrect.\" src=\"http:\/\/fme.hcmut.edu.vn\/en\/wp-content\/uploads\/2025\/10\/a-room-with-a-table-and-chairs-ai-generated-conte.jpeg\" class=\"wp-image-1348\" \/><\/p>\n<p><img loading=\"lazy\" decoding=\"async\" width=\"660\" height=\"371\" alt=\"A group of young men holding a toy car above their head\n\nAI-generated content may be incorrect.\" src=\"http:\/\/fme.hcmut.edu.vn\/en\/wp-content\/uploads\/2025\/10\/a-group-of-young-men-holding-a-toy-car-above-their.jpeg\" class=\"wp-image-1349\" \/><\/p>\n<p><img loading=\"lazy\" decoding=\"async\" width=\"881\" height=\"660\" alt=\"A group of people posing for a photo\n\nAI-generated content may be incorrect.\" src=\"http:\/\/fme.hcmut.edu.vn\/en\/wp-content\/uploads\/2025\/10\/a-group-of-people-posing-for-a-photo-ai-generated.jpeg\" class=\"wp-image-1351\" srcset=\"https:\/\/fme.hcmut.edu.vn\/en\/wp-content\/uploads\/2025\/10\/a-group-of-people-posing-for-a-photo-ai-generated.jpeg 881w, https:\/\/fme.hcmut.edu.vn\/en\/wp-content\/uploads\/2025\/10\/a-group-of-people-posing-for-a-photo-ai-generated-768x575.jpeg 768w\" sizes=\"(max-width: 881px) 100vw, 881px\" \/><\/p>\n","protected":false},"excerpt":{"rendered":"<p>1. Introduction The CDIO Learning Space, under the Faculty of Mechanical Engineering at the Ho Chi Minh City University of Technology, was established to create a learning and scientific research environment, while also enhancing practical skills for students of the [&hellip;]<\/p>\n","protected":false},"author":1,"featured_media":0,"parent":0,"menu_order":0,"comment_status":"closed","ping_status":"closed","template":"","meta":{"footnotes":""},"class_list":["post-752","page","type-page","status-publish","hentry"],"yoast_head":"<!-- This site is optimized with the Yoast SEO plugin v23.5 - https:\/\/yoast.com\/wordpress\/plugins\/seo\/ -->\n<title>CDIO co-Working space<\/title>\n<meta name=\"robots\" content=\"noindex, follow, max-snippet:-1, max-image-preview:large, max-video-preview:-1\" \/>\n<meta property=\"og:locale\" content=\"en_US\" \/>\n<meta property=\"og:type\" content=\"article\" \/>\n<meta property=\"og:title\" content=\"CDIO co-Working space\" \/>\n<meta property=\"og:description\" content=\"1. Introduction The CDIO Learning Space, under the Faculty of Mechanical Engineering at the Ho Chi Minh City University of Technology, was established to create a learning and scientific research environment, while also enhancing practical skills for students of the [&hellip;]\" \/>\n<meta property=\"og:url\" content=\"https:\/\/fme.hcmut.edu.vn\/en\/cdio-co-working-space\/\" \/>\n<meta property=\"og:site_name\" content=\"The faculty of Mechanical Engineering, HCMC University of Technology\" \/>\n<meta property=\"article:modified_time\" content=\"2025-10-31T09:30:13+00:00\" \/>\n<meta property=\"og:image\" content=\"http:\/\/fme.hcmut.edu.vn\/en\/wp-content\/uploads\/2025\/10\/a-person-wearing-a-white-shirt-and-blue-tie-ai-ge-2.jpeg\" \/>\n<meta name=\"twitter:card\" content=\"summary_large_image\" \/>\n<meta name=\"twitter:label1\" content=\"Est. reading time\" \/>\n\t<meta name=\"twitter:data1\" content=\"3 minutes\" \/>\n<script type=\"application\/ld+json\" class=\"yoast-schema-graph\">{\"@context\":\"https:\/\/schema.org\",\"@graph\":[{\"@type\":\"WebPage\",\"@id\":\"https:\/\/fme.hcmut.edu.vn\/en\/cdio-co-working-space\/\",\"url\":\"https:\/\/fme.hcmut.edu.vn\/en\/cdio-co-working-space\/\",\"name\":\"CDIO co-Working space\",\"isPartOf\":{\"@id\":\"https:\/\/fme.hcmut.edu.vn\/en\/#website\"},\"primaryImageOfPage\":{\"@id\":\"https:\/\/fme.hcmut.edu.vn\/en\/cdio-co-working-space\/#primaryimage\"},\"image\":{\"@id\":\"https:\/\/fme.hcmut.edu.vn\/en\/cdio-co-working-space\/#primaryimage\"},\"thumbnailUrl\":\"http:\/\/fme.hcmut.edu.vn\/en\/wp-content\/uploads\/2025\/10\/a-person-wearing-a-white-shirt-and-blue-tie-ai-ge-2.jpeg\",\"datePublished\":\"2017-05-10T17:18:08+00:00\",\"dateModified\":\"2025-10-31T09:30:13+00:00\",\"breadcrumb\":{\"@id\":\"https:\/\/fme.hcmut.edu.vn\/en\/cdio-co-working-space\/#breadcrumb\"},\"inLanguage\":\"en-US\",\"potentialAction\":[{\"@type\":\"ReadAction\",\"target\":[\"https:\/\/fme.hcmut.edu.vn\/en\/cdio-co-working-space\/\"]}]},{\"@type\":\"ImageObject\",\"inLanguage\":\"en-US\",\"@id\":\"https:\/\/fme.hcmut.edu.vn\/en\/cdio-co-working-space\/#primaryimage\",\"url\":\"https:\/\/fme.hcmut.edu.vn\/en\/wp-content\/uploads\/2025\/10\/a-person-wearing-a-white-shirt-and-blue-tie-ai-ge-2.jpeg\",\"contentUrl\":\"https:\/\/fme.hcmut.edu.vn\/en\/wp-content\/uploads\/2025\/10\/a-person-wearing-a-white-shirt-and-blue-tie-ai-ge-2.jpeg\",\"width\":861,\"height\":1290,\"caption\":\"A person wearing a white shirt and blue tie AI-generated content may be incorrect.\"},{\"@type\":\"BreadcrumbList\",\"@id\":\"https:\/\/fme.hcmut.edu.vn\/en\/cdio-co-working-space\/#breadcrumb\",\"itemListElement\":[{\"@type\":\"ListItem\",\"position\":1,\"name\":\"Home\",\"item\":\"https:\/\/fme.hcmut.edu.vn\/en\/\"},{\"@type\":\"ListItem\",\"position\":2,\"name\":\"CDIO co-Working space\"}]},{\"@type\":\"WebSite\",\"@id\":\"https:\/\/fme.hcmut.edu.vn\/en\/#website\",\"url\":\"https:\/\/fme.hcmut.edu.vn\/en\/\",\"name\":\"The faculty of Mechanical Engineering, HCMC University of Technology\",\"description\":\"\",\"potentialAction\":[{\"@type\":\"SearchAction\",\"target\":{\"@type\":\"EntryPoint\",\"urlTemplate\":\"https:\/\/fme.hcmut.edu.vn\/en\/?s={search_term_string}\"},\"query-input\":{\"@type\":\"PropertyValueSpecification\",\"valueRequired\":true,\"valueName\":\"search_term_string\"}}],\"inLanguage\":\"en-US\"}]}<\/script>\n<!-- \/ Yoast SEO plugin. -->","yoast_head_json":{"title":"CDIO co-Working space","robots":{"index":"noindex","follow":"follow","max-snippet":"max-snippet:-1","max-image-preview":"max-image-preview:large","max-video-preview":"max-video-preview:-1"},"og_locale":"en_US","og_type":"article","og_title":"CDIO co-Working space","og_description":"1. Introduction The CDIO Learning Space, under the Faculty of Mechanical Engineering at the Ho Chi Minh City University of Technology, was established to create a learning and scientific research environment, while also enhancing practical skills for students of the [&hellip;]","og_url":"https:\/\/fme.hcmut.edu.vn\/en\/cdio-co-working-space\/","og_site_name":"The faculty of Mechanical Engineering, HCMC University of Technology","article_modified_time":"2025-10-31T09:30:13+00:00","og_image":[{"url":"http:\/\/fme.hcmut.edu.vn\/en\/wp-content\/uploads\/2025\/10\/a-person-wearing-a-white-shirt-and-blue-tie-ai-ge-2.jpeg"}],"twitter_card":"summary_large_image","twitter_misc":{"Est. reading time":"3 minutes"},"schema":{"@context":"https:\/\/schema.org","@graph":[{"@type":"WebPage","@id":"https:\/\/fme.hcmut.edu.vn\/en\/cdio-co-working-space\/","url":"https:\/\/fme.hcmut.edu.vn\/en\/cdio-co-working-space\/","name":"CDIO co-Working space","isPartOf":{"@id":"https:\/\/fme.hcmut.edu.vn\/en\/#website"},"primaryImageOfPage":{"@id":"https:\/\/fme.hcmut.edu.vn\/en\/cdio-co-working-space\/#primaryimage"},"image":{"@id":"https:\/\/fme.hcmut.edu.vn\/en\/cdio-co-working-space\/#primaryimage"},"thumbnailUrl":"http:\/\/fme.hcmut.edu.vn\/en\/wp-content\/uploads\/2025\/10\/a-person-wearing-a-white-shirt-and-blue-tie-ai-ge-2.jpeg","datePublished":"2017-05-10T17:18:08+00:00","dateModified":"2025-10-31T09:30:13+00:00","breadcrumb":{"@id":"https:\/\/fme.hcmut.edu.vn\/en\/cdio-co-working-space\/#breadcrumb"},"inLanguage":"en-US","potentialAction":[{"@type":"ReadAction","target":["https:\/\/fme.hcmut.edu.vn\/en\/cdio-co-working-space\/"]}]},{"@type":"ImageObject","inLanguage":"en-US","@id":"https:\/\/fme.hcmut.edu.vn\/en\/cdio-co-working-space\/#primaryimage","url":"https:\/\/fme.hcmut.edu.vn\/en\/wp-content\/uploads\/2025\/10\/a-person-wearing-a-white-shirt-and-blue-tie-ai-ge-2.jpeg","contentUrl":"https:\/\/fme.hcmut.edu.vn\/en\/wp-content\/uploads\/2025\/10\/a-person-wearing-a-white-shirt-and-blue-tie-ai-ge-2.jpeg","width":861,"height":1290,"caption":"A person wearing a white shirt and blue tie AI-generated content may be incorrect."},{"@type":"BreadcrumbList","@id":"https:\/\/fme.hcmut.edu.vn\/en\/cdio-co-working-space\/#breadcrumb","itemListElement":[{"@type":"ListItem","position":1,"name":"Home","item":"https:\/\/fme.hcmut.edu.vn\/en\/"},{"@type":"ListItem","position":2,"name":"CDIO co-Working space"}]},{"@type":"WebSite","@id":"https:\/\/fme.hcmut.edu.vn\/en\/#website","url":"https:\/\/fme.hcmut.edu.vn\/en\/","name":"The faculty of Mechanical Engineering, HCMC University of Technology","description":"","potentialAction":[{"@type":"SearchAction","target":{"@type":"EntryPoint","urlTemplate":"https:\/\/fme.hcmut.edu.vn\/en\/?s={search_term_string}"},"query-input":{"@type":"PropertyValueSpecification","valueRequired":true,"valueName":"search_term_string"}}],"inLanguage":"en-US"}]}},"_links":{"self":[{"href":"https:\/\/fme.hcmut.edu.vn\/en\/wp-json\/wp\/v2\/pages\/752"}],"collection":[{"href":"https:\/\/fme.hcmut.edu.vn\/en\/wp-json\/wp\/v2\/pages"}],"about":[{"href":"https:\/\/fme.hcmut.edu.vn\/en\/wp-json\/wp\/v2\/types\/page"}],"author":[{"embeddable":true,"href":"https:\/\/fme.hcmut.edu.vn\/en\/wp-json\/wp\/v2\/users\/1"}],"replies":[{"embeddable":true,"href":"https:\/\/fme.hcmut.edu.vn\/en\/wp-json\/wp\/v2\/comments?post=752"}],"version-history":[{"count":0,"href":"https:\/\/fme.hcmut.edu.vn\/en\/wp-json\/wp\/v2\/pages\/752\/revisions"}],"wp:attachment":[{"href":"https:\/\/fme.hcmut.edu.vn\/en\/wp-json\/wp\/v2\/media?parent=752"}],"curies":[{"name":"wp","href":"https:\/\/api.w.org\/{rel}","templated":true}]}}