{"id":807,"date":"2017-05-17T17:14:51","date_gmt":"2017-05-17T10:14:51","guid":{"rendered":"http:\/\/fme.hcmut.edu.vn\/en\/?page_id=807"},"modified":"2018-01-23T08:53:13","modified_gmt":"2018-01-23T01:53:13","slug":"research-areas-heat-and-refrigeration-engineering","status":"publish","type":"page","link":"https:\/\/fme.hcmut.edu.vn\/en\/research-areas-heat-and-refrigeration-engineering\/","title":{"rendered":"Research Areas &#8211; Heat and Refrigeration Engineering"},"content":{"rendered":"<p><strong>C\u00e1c h\u01b0\u1edbng nghi\u00ean c\u1ee9u khoa h\u1ecdc c\u1ee7a b\u1ed9 m\u00f4n:<\/strong><br \/>\n&#8211; M\u00e1y l\u1ea1nh h\u1ea5p th\u1ee5<br \/>\n&#8211; L\u00e0m l\u1ea1nh bay h\u01a1i v\u00e0 t\u00e1ch \u1ea9m b\u1eb1ng ch\u1ea5t h\u00fat \u1ea9m<br \/>\n&#8211; T\u1eadn d\u1ee5ng nhi\u1ec7t th\u1ea3i<br \/>\n&#8211; Ti\u1ebft ki\u1ec7m v\u00e0 s\u1eed d\u1ee5ng hi\u1ec7u qu\u1ea3 n\u0103ng l\u01b0\u1ee3ng trong c\u00e1c nh\u00e0 m\u00e1y c\u00f4ng nghi\u1ec7p nh\u1eb9, trong c\u00e1c to\u00e0 nh\u00e0, kh\u00e1ch s\u1ea1n, nh\u00e0 h\u00e0ng, h\u1ed9i tr\u01b0\u1eddng, si\u00eau th\u1ecb.<br \/>\n&#8211; N\u0103ng l\u01b0\u1ee3ng gi\u00f3: s\u1eed d\u1ee5ng n\u0103ng l\u01b0\u1ee3ng gi\u00f3 \u0111\u1ec3 ph\u00e1t \u0111i\u1ec7n v\u00e0 b\u01a1m n\u01b0\u1edbc<br \/>\n&#8211; N\u0103ng l\u01b0\u1ee3ng m\u1eb7t tr\u1eddi: s\u1eed d\u1ee5ng n\u0103ng l\u01b0\u1ee3ng m\u1eb7t tr\u1eddi \u0111\u1ec3 l\u00e0m l\u1ea1nh, n\u01b0\u1edbc n\u00f3ng v\u00e0 ch\u01b0ng c\u1ea5t n\u01b0\u1edbc; ph\u00e1t tri\u1ec3n m\u1ed9t s\u1ed1 m\u00f4 h\u00ecnh v\u1ec1 nh\u00e0 m\u1eb7t tr\u1eddi<br \/>\n&#8211; X\u00e2y d\u1ef1ng c\u01a1 s\u1edf d\u1eef li\u1ec7u v\u1ec1 b\u1ee9c x\u1ea1 m\u1eb7t tr\u1eddi v\u00e0 gi\u00f3<br \/>\n&#8211; T\u00edch tr\u1eef n\u0103ng l\u01b0\u1ee3ng: t\u00edch tr\u1eef nhi\u1ec7t v\u00e0 t\u00edch tr\u1eef l\u1ea1nh trong k\u1ef9 thu\u1eadt \u0111i\u1ec1u ho\u00e0 kh\u00f4ng kh\u00ed v\u00e0\u00a0 n\u0103ng l\u01b0\u1ee3ng m\u1eb7t tr\u1eddi<br \/>\n&#8211; T\u00e1c nh\u00e2n l\u1ea1nh th\u00e2n thi\u1ec7n v\u1edbi m\u00f4i tr\u01b0\u1eddng<br \/>\n&#8211; C\u00e1c nghi\u00ean c\u1ee9u nh\u1eb1m b\u1ea3o v\u1ec7 m\u00f4i tr\u01b0\u1eddng v\u00e0 s\u1eed d\u1ee5ng hi\u1ec7u qu\u1ea3 n\u0103ng l\u01b0\u1ee3ng (l\u00e0m l\u1ea1nh bay h\u01a1i v\u00e0 t\u00e1ch \u1ea9m b\u1eb1ng ch\u1ea5t h\u00fat \u1ea9m, t\u00edch tr\u1eef n\u0103ng l\u01b0\u1ee3ng, s\u1ea5y ch\u00e2n kh\u00f4ng)<br \/>\n&#8211; S\u1eed d\u1ee5ng nhi\u00ean li\u1ec7u ch\u1ea5t l\u01b0\u1ee3ng th\u1ea5p (tr\u1ea5u, b\u00e3 m\u00eda,\u2026) \u0111\u1ec3 v\u1eadn h\u00e0nh c\u00e1c thi\u1ebft b\u1ecb nhi\u1ec7t<\/p>\n<p>&#8211; Ph\u01b0\u01a1ng ph\u00e1p s\u1ed1 trong truy\u1ec1n nhi\u1ec7t<\/p>\n","protected":false},"excerpt":{"rendered":"<p>C\u00e1c h\u01b0\u1edbng nghi\u00ean c\u1ee9u khoa h\u1ecdc c\u1ee7a b\u1ed9 m\u00f4n: &#8211; M\u00e1y l\u1ea1nh h\u1ea5p th\u1ee5 &#8211; L\u00e0m l\u1ea1nh bay h\u01a1i v\u00e0 t\u00e1ch \u1ea9m b\u1eb1ng ch\u1ea5t h\u00fat \u1ea9m &#8211; T\u1eadn d\u1ee5ng nhi\u1ec7t th\u1ea3i &#8211; Ti\u1ebft ki\u1ec7m v\u00e0 s\u1eed d\u1ee5ng hi\u1ec7u qu\u1ea3 n\u0103ng [&hellip;]<\/p>\n","protected":false},"author":1,"featured_media":0,"parent":0,"menu_order":0,"comment_status":"closed","ping_status":"closed","template":"","meta":{"footnotes":""},"class_list":["post-807","page","type-page","status-publish","hentry"],"yoast_head":"<!-- This site is optimized with the Yoast SEO plugin v23.5 - https:\/\/yoast.com\/wordpress\/plugins\/seo\/ -->\n<title>Research Areas - Heat and Refrigeration Engineering<\/title>\n<meta name=\"robots\" content=\"noindex, follow, max-snippet:-1, max-image-preview:large, max-video-preview:-1\" \/>\n<meta property=\"og:locale\" content=\"en_US\" \/>\n<meta property=\"og:type\" content=\"article\" \/>\n<meta property=\"og:title\" content=\"Research Areas - Heat and Refrigeration Engineering\" \/>\n<meta property=\"og:description\" content=\"C\u00e1c h\u01b0\u1edbng nghi\u00ean c\u1ee9u khoa h\u1ecdc c\u1ee7a b\u1ed9 m\u00f4n: &#8211; M\u00e1y l\u1ea1nh h\u1ea5p th\u1ee5 &#8211; L\u00e0m l\u1ea1nh bay h\u01a1i v\u00e0 t\u00e1ch \u1ea9m b\u1eb1ng ch\u1ea5t h\u00fat \u1ea9m &#8211; T\u1eadn d\u1ee5ng nhi\u1ec7t th\u1ea3i &#8211; Ti\u1ebft ki\u1ec7m v\u00e0 s\u1eed d\u1ee5ng hi\u1ec7u qu\u1ea3 n\u0103ng [&hellip;]\" \/>\n<meta property=\"og:url\" content=\"https:\/\/fme.hcmut.edu.vn\/en\/research-areas-heat-and-refrigeration-engineering\/\" \/>\n<meta property=\"og:site_name\" content=\"The faculty of Mechanical Engineering, HCMC University of Technology\" \/>\n<meta property=\"article:modified_time\" content=\"2018-01-23T01:53:13+00:00\" \/>\n<meta name=\"twitter:card\" content=\"summary_large_image\" \/>\n<meta name=\"twitter:label1\" content=\"Est. reading time\" \/>\n\t<meta name=\"twitter:data1\" content=\"2 minutes\" \/>\n<script type=\"application\/ld+json\" class=\"yoast-schema-graph\">{\"@context\":\"https:\/\/schema.org\",\"@graph\":[{\"@type\":\"WebPage\",\"@id\":\"https:\/\/fme.hcmut.edu.vn\/en\/research-areas-heat-and-refrigeration-engineering\/\",\"url\":\"https:\/\/fme.hcmut.edu.vn\/en\/research-areas-heat-and-refrigeration-engineering\/\",\"name\":\"Research Areas - Heat and Refrigeration Engineering\",\"isPartOf\":{\"@id\":\"https:\/\/fme.hcmut.edu.vn\/en\/#website\"},\"datePublished\":\"2017-05-17T10:14:51+00:00\",\"dateModified\":\"2018-01-23T01:53:13+00:00\",\"breadcrumb\":{\"@id\":\"https:\/\/fme.hcmut.edu.vn\/en\/research-areas-heat-and-refrigeration-engineering\/#breadcrumb\"},\"inLanguage\":\"en-US\",\"potentialAction\":[{\"@type\":\"ReadAction\",\"target\":[\"https:\/\/fme.hcmut.edu.vn\/en\/research-areas-heat-and-refrigeration-engineering\/\"]}]},{\"@type\":\"BreadcrumbList\",\"@id\":\"https:\/\/fme.hcmut.edu.vn\/en\/research-areas-heat-and-refrigeration-engineering\/#breadcrumb\",\"itemListElement\":[{\"@type\":\"ListItem\",\"position\":1,\"name\":\"Home\",\"item\":\"https:\/\/fme.hcmut.edu.vn\/en\/\"},{\"@type\":\"ListItem\",\"position\":2,\"name\":\"Research Areas &#8211; Heat and Refrigeration Engineering\"}]},{\"@type\":\"WebSite\",\"@id\":\"https:\/\/fme.hcmut.edu.vn\/en\/#website\",\"url\":\"https:\/\/fme.hcmut.edu.vn\/en\/\",\"name\":\"The faculty of Mechanical Engineering, HCMC University of Technology\",\"description\":\"\",\"potentialAction\":[{\"@type\":\"SearchAction\",\"target\":{\"@type\":\"EntryPoint\",\"urlTemplate\":\"https:\/\/fme.hcmut.edu.vn\/en\/?s={search_term_string}\"},\"query-input\":{\"@type\":\"PropertyValueSpecification\",\"valueRequired\":true,\"valueName\":\"search_term_string\"}}],\"inLanguage\":\"en-US\"}]}<\/script>\n<!-- \/ Yoast SEO plugin. -->","yoast_head_json":{"title":"Research Areas - Heat and Refrigeration Engineering","robots":{"index":"noindex","follow":"follow","max-snippet":"max-snippet:-1","max-image-preview":"max-image-preview:large","max-video-preview":"max-video-preview:-1"},"og_locale":"en_US","og_type":"article","og_title":"Research Areas - Heat and Refrigeration Engineering","og_description":"C\u00e1c h\u01b0\u1edbng nghi\u00ean c\u1ee9u khoa h\u1ecdc c\u1ee7a b\u1ed9 m\u00f4n: &#8211; M\u00e1y l\u1ea1nh h\u1ea5p th\u1ee5 &#8211; L\u00e0m l\u1ea1nh bay h\u01a1i v\u00e0 t\u00e1ch \u1ea9m b\u1eb1ng ch\u1ea5t h\u00fat \u1ea9m &#8211; T\u1eadn d\u1ee5ng nhi\u1ec7t th\u1ea3i &#8211; Ti\u1ebft ki\u1ec7m v\u00e0 s\u1eed d\u1ee5ng hi\u1ec7u qu\u1ea3 n\u0103ng [&hellip;]","og_url":"https:\/\/fme.hcmut.edu.vn\/en\/research-areas-heat-and-refrigeration-engineering\/","og_site_name":"The faculty of Mechanical Engineering, HCMC University of Technology","article_modified_time":"2018-01-23T01:53:13+00:00","twitter_card":"summary_large_image","twitter_misc":{"Est. reading time":"2 minutes"},"schema":{"@context":"https:\/\/schema.org","@graph":[{"@type":"WebPage","@id":"https:\/\/fme.hcmut.edu.vn\/en\/research-areas-heat-and-refrigeration-engineering\/","url":"https:\/\/fme.hcmut.edu.vn\/en\/research-areas-heat-and-refrigeration-engineering\/","name":"Research Areas - Heat and Refrigeration Engineering","isPartOf":{"@id":"https:\/\/fme.hcmut.edu.vn\/en\/#website"},"datePublished":"2017-05-17T10:14:51+00:00","dateModified":"2018-01-23T01:53:13+00:00","breadcrumb":{"@id":"https:\/\/fme.hcmut.edu.vn\/en\/research-areas-heat-and-refrigeration-engineering\/#breadcrumb"},"inLanguage":"en-US","potentialAction":[{"@type":"ReadAction","target":["https:\/\/fme.hcmut.edu.vn\/en\/research-areas-heat-and-refrigeration-engineering\/"]}]},{"@type":"BreadcrumbList","@id":"https:\/\/fme.hcmut.edu.vn\/en\/research-areas-heat-and-refrigeration-engineering\/#breadcrumb","itemListElement":[{"@type":"ListItem","position":1,"name":"Home","item":"https:\/\/fme.hcmut.edu.vn\/en\/"},{"@type":"ListItem","position":2,"name":"Research Areas &#8211; Heat and Refrigeration Engineering"}]},{"@type":"WebSite","@id":"https:\/\/fme.hcmut.edu.vn\/en\/#website","url":"https:\/\/fme.hcmut.edu.vn\/en\/","name":"The faculty of Mechanical Engineering, HCMC University of Technology","description":"","potentialAction":[{"@type":"SearchAction","target":{"@type":"EntryPoint","urlTemplate":"https:\/\/fme.hcmut.edu.vn\/en\/?s={search_term_string}"},"query-input":{"@type":"PropertyValueSpecification","valueRequired":true,"valueName":"search_term_string"}}],"inLanguage":"en-US"}]}},"_links":{"self":[{"href":"https:\/\/fme.hcmut.edu.vn\/en\/wp-json\/wp\/v2\/pages\/807"}],"collection":[{"href":"https:\/\/fme.hcmut.edu.vn\/en\/wp-json\/wp\/v2\/pages"}],"about":[{"href":"https:\/\/fme.hcmut.edu.vn\/en\/wp-json\/wp\/v2\/types\/page"}],"author":[{"embeddable":true,"href":"https:\/\/fme.hcmut.edu.vn\/en\/wp-json\/wp\/v2\/users\/1"}],"replies":[{"embeddable":true,"href":"https:\/\/fme.hcmut.edu.vn\/en\/wp-json\/wp\/v2\/comments?post=807"}],"version-history":[{"count":0,"href":"https:\/\/fme.hcmut.edu.vn\/en\/wp-json\/wp\/v2\/pages\/807\/revisions"}],"wp:attachment":[{"href":"https:\/\/fme.hcmut.edu.vn\/en\/wp-json\/wp\/v2\/media?parent=807"}],"curies":[{"name":"wp","href":"https:\/\/api.w.org\/{rel}","templated":true}]}}