{"id":811,"date":"2017-05-17T17:18:10","date_gmt":"2017-05-17T10:18:10","guid":{"rendered":"http:\/\/fme.hcmut.edu.vn\/en\/?page_id=811"},"modified":"2018-01-22T19:39:48","modified_gmt":"2018-01-22T12:39:48","slug":"books-heat-and-refrigeration-engineering","status":"publish","type":"page","link":"https:\/\/fme.hcmut.edu.vn\/en\/books-heat-and-refrigeration-engineering\/","title":{"rendered":"Books &#8211; Heat and Refrigeration Engineering"},"content":{"rendered":"<p>      1.\tCentrifugal pumps and piping \u2013 Theory review and problems\tVNU-HCM\t2016\tNguy\u1ec5n Minh Ph\u00fa<br \/>\n2.   \tRefrigeration and air conditioning  technology\tVNU-HCM\t2014\tB\u00f9i Ng\u1ecdc H\u00f9ng<br \/>\n3.   \tFundamental of heat transfer and heat exchangers\tVNU-HCM\t2013\tHo\u00e0ng \u0110\u00ecnh T\u00edn<br \/>\n4.   \tApplied solar energy to heat water and distillation\tVNU-HCM\t2012\tHo\u00e0ng \u0110\u00ecnh T\u00edn\tHo\u00e0ng Th\u1ecb Nam H\u01b0\u01a1ng<br \/>\n5.   \tIndustrial heat transfer (2nd edition)\tVNU-HCM\t2011\tHo\u00e0ng \u0110\u00ecnh T\u00edn<br \/>\n6.   \tAir conditioning engineering\tVNU-HCM\t2010\tL\u00ea Ch\u00ed Hi\u1ec7p<br \/>\n7.   \tPotential and use of renewable energy sources in Vietnam\tMINISTRY OF PLANNING AND INVESTMENT\t2009\tL\u00ea Ch\u00ed Hi\u1ec7p<br \/>\n8.   \tProblems of thermodynamics and heat transfer\tVNU-HCM\t2008\tHo\u00e0ng \u0110\u00ecnh T\u00edn\tHo\u00e0ng Th\u1ecb Nam H\u01b0\u01a1ng<br \/>\n9.   \tSteam turbine and gas turbine\tVNU-HCM\t2007\tNguy\u1ec5n V\u0103n Tuy\u00ean<br \/>\n10.\tPrinciples of automatic control for refrigeration equipments and air conditioning\tVNU-HCM\t2007\tHo\u00e0ng \u0110\u00ecnh T\u00edn\tHo\u00e0ng Ch\u00ed Th\u00e0nh<br \/>\nHu\u1ef3nh Ng\u1ecdc D\u01b0\u01a1ng<br \/>\n11.\tAbsorption refrigeration in air conditioning engineering\tVNU-HCM\t2004\tL\u00ea Ch\u00ed Hi\u1ec7p<br \/>\n12.\tAir conditioning engineering(5th edition)\tScience and technics\t2001\tL\u00ea Ch\u00ed Hi\u1ec7p<br \/>\n13.\tHeat transfer and calculation of heat exchangers\tScience and technics\t2001\tHo\u00e0ng \u0110\u00ecnh T\u00edn<br \/>\n14.\tFundamental of heat transfer\tVNU-HCM\t2001\tHo\u00e0ng \u0110\u00ecnh T\u00edn<br \/>\n15.\tIndustrial heat transfer\tVNU-HCM\t2001\tHo\u00e0ng \u0110\u00ecnh T\u00edn<br \/>\n16.\tThermal power plant\tVNU-HCM\t1998\tTr\u1ea7n Thanh K\u1ef3<br \/>\n17.\tThermodynamics engineering\tVNU-HCM\t1997\tHo\u00e0ng \u0110\u00ecnh T\u00edn &#8211; L\u00ea Ch\u00ed Hi\u1ec7p<br \/>\n18.\tProblems of thermodynamics and heat transfer\tEducation\t1996\tHo\u00e0ng \u0110\u00ecnh T\u00edn &#8211; B\u00f9i H\u1ea3i<br \/>\n19.\tRefrigerator\tEducation\t1994\tTr\u1ea7n Thanh K\u1ef3<br \/>\n20.\tSteam boiler design\tVNU-HCM\t1990\tTr\u1ea7n Thanh K\u1ef3\t <\/p>\n","protected":false},"excerpt":{"rendered":"<p>1. Centrifugal pumps and piping \u2013 Theory review and problems VNU-HCM 2016 Nguy\u1ec5n Minh Ph\u00fa 2. Refrigeration and air conditioning technology VNU-HCM 2014 B\u00f9i Ng\u1ecdc H\u00f9ng 3. Fundamental of heat transfer and heat exchangers VNU-HCM 2013 Ho\u00e0ng \u0110\u00ecnh T\u00edn 4. [&hellip;]<\/p>\n","protected":false},"author":1,"featured_media":0,"parent":0,"menu_order":0,"comment_status":"closed","ping_status":"closed","template":"","meta":{"footnotes":""},"class_list":["post-811","page","type-page","status-publish","hentry"],"yoast_head":"<!-- This site is optimized with the Yoast SEO plugin v23.5 - https:\/\/yoast.com\/wordpress\/plugins\/seo\/ -->\n<title>Books - Heat and Refrigeration Engineering<\/title>\n<meta name=\"robots\" content=\"noindex, follow, max-snippet:-1, max-image-preview:large, max-video-preview:-1\" \/>\n<meta property=\"og:locale\" content=\"en_US\" \/>\n<meta property=\"og:type\" content=\"article\" \/>\n<meta property=\"og:title\" content=\"Books - Heat and Refrigeration Engineering\" \/>\n<meta property=\"og:description\" content=\"1. Centrifugal pumps and piping \u2013 Theory review and problems VNU-HCM 2016 Nguy\u1ec5n Minh Ph\u00fa 2. Refrigeration and air conditioning technology VNU-HCM 2014 B\u00f9i Ng\u1ecdc H\u00f9ng 3. Fundamental of heat transfer and heat exchangers VNU-HCM 2013 Ho\u00e0ng \u0110\u00ecnh T\u00edn 4. [&hellip;]\" \/>\n<meta property=\"og:url\" content=\"https:\/\/fme.hcmut.edu.vn\/en\/books-heat-and-refrigeration-engineering\/\" \/>\n<meta property=\"og:site_name\" content=\"The faculty of Mechanical Engineering, HCMC University of Technology\" \/>\n<meta property=\"article:modified_time\" content=\"2018-01-22T12:39:48+00:00\" \/>\n<meta name=\"twitter:card\" content=\"summary_large_image\" \/>\n<meta name=\"twitter:label1\" content=\"Est. reading time\" \/>\n\t<meta name=\"twitter:data1\" content=\"1 minute\" \/>\n<script type=\"application\/ld+json\" class=\"yoast-schema-graph\">{\"@context\":\"https:\/\/schema.org\",\"@graph\":[{\"@type\":\"WebPage\",\"@id\":\"https:\/\/fme.hcmut.edu.vn\/en\/books-heat-and-refrigeration-engineering\/\",\"url\":\"https:\/\/fme.hcmut.edu.vn\/en\/books-heat-and-refrigeration-engineering\/\",\"name\":\"Books - Heat and Refrigeration Engineering\",\"isPartOf\":{\"@id\":\"https:\/\/fme.hcmut.edu.vn\/en\/#website\"},\"datePublished\":\"2017-05-17T10:18:10+00:00\",\"dateModified\":\"2018-01-22T12:39:48+00:00\",\"breadcrumb\":{\"@id\":\"https:\/\/fme.hcmut.edu.vn\/en\/books-heat-and-refrigeration-engineering\/#breadcrumb\"},\"inLanguage\":\"en-US\",\"potentialAction\":[{\"@type\":\"ReadAction\",\"target\":[\"https:\/\/fme.hcmut.edu.vn\/en\/books-heat-and-refrigeration-engineering\/\"]}]},{\"@type\":\"BreadcrumbList\",\"@id\":\"https:\/\/fme.hcmut.edu.vn\/en\/books-heat-and-refrigeration-engineering\/#breadcrumb\",\"itemListElement\":[{\"@type\":\"ListItem\",\"position\":1,\"name\":\"Home\",\"item\":\"https:\/\/fme.hcmut.edu.vn\/en\/\"},{\"@type\":\"ListItem\",\"position\":2,\"name\":\"Books &#8211; Heat and Refrigeration Engineering\"}]},{\"@type\":\"WebSite\",\"@id\":\"https:\/\/fme.hcmut.edu.vn\/en\/#website\",\"url\":\"https:\/\/fme.hcmut.edu.vn\/en\/\",\"name\":\"The faculty of Mechanical Engineering, HCMC University of Technology\",\"description\":\"\",\"potentialAction\":[{\"@type\":\"SearchAction\",\"target\":{\"@type\":\"EntryPoint\",\"urlTemplate\":\"https:\/\/fme.hcmut.edu.vn\/en\/?s={search_term_string}\"},\"query-input\":{\"@type\":\"PropertyValueSpecification\",\"valueRequired\":true,\"valueName\":\"search_term_string\"}}],\"inLanguage\":\"en-US\"}]}<\/script>\n<!-- \/ Yoast SEO plugin. -->","yoast_head_json":{"title":"Books - Heat and Refrigeration Engineering","robots":{"index":"noindex","follow":"follow","max-snippet":"max-snippet:-1","max-image-preview":"max-image-preview:large","max-video-preview":"max-video-preview:-1"},"og_locale":"en_US","og_type":"article","og_title":"Books - Heat and Refrigeration Engineering","og_description":"1. Centrifugal pumps and piping \u2013 Theory review and problems VNU-HCM 2016 Nguy\u1ec5n Minh Ph\u00fa 2. Refrigeration and air conditioning technology VNU-HCM 2014 B\u00f9i Ng\u1ecdc H\u00f9ng 3. Fundamental of heat transfer and heat exchangers VNU-HCM 2013 Ho\u00e0ng \u0110\u00ecnh T\u00edn 4. [&hellip;]","og_url":"https:\/\/fme.hcmut.edu.vn\/en\/books-heat-and-refrigeration-engineering\/","og_site_name":"The faculty of Mechanical Engineering, HCMC University of Technology","article_modified_time":"2018-01-22T12:39:48+00:00","twitter_card":"summary_large_image","twitter_misc":{"Est. reading time":"1 minute"},"schema":{"@context":"https:\/\/schema.org","@graph":[{"@type":"WebPage","@id":"https:\/\/fme.hcmut.edu.vn\/en\/books-heat-and-refrigeration-engineering\/","url":"https:\/\/fme.hcmut.edu.vn\/en\/books-heat-and-refrigeration-engineering\/","name":"Books - Heat and Refrigeration Engineering","isPartOf":{"@id":"https:\/\/fme.hcmut.edu.vn\/en\/#website"},"datePublished":"2017-05-17T10:18:10+00:00","dateModified":"2018-01-22T12:39:48+00:00","breadcrumb":{"@id":"https:\/\/fme.hcmut.edu.vn\/en\/books-heat-and-refrigeration-engineering\/#breadcrumb"},"inLanguage":"en-US","potentialAction":[{"@type":"ReadAction","target":["https:\/\/fme.hcmut.edu.vn\/en\/books-heat-and-refrigeration-engineering\/"]}]},{"@type":"BreadcrumbList","@id":"https:\/\/fme.hcmut.edu.vn\/en\/books-heat-and-refrigeration-engineering\/#breadcrumb","itemListElement":[{"@type":"ListItem","position":1,"name":"Home","item":"https:\/\/fme.hcmut.edu.vn\/en\/"},{"@type":"ListItem","position":2,"name":"Books &#8211; Heat and Refrigeration Engineering"}]},{"@type":"WebSite","@id":"https:\/\/fme.hcmut.edu.vn\/en\/#website","url":"https:\/\/fme.hcmut.edu.vn\/en\/","name":"The faculty of Mechanical Engineering, HCMC University of Technology","description":"","potentialAction":[{"@type":"SearchAction","target":{"@type":"EntryPoint","urlTemplate":"https:\/\/fme.hcmut.edu.vn\/en\/?s={search_term_string}"},"query-input":{"@type":"PropertyValueSpecification","valueRequired":true,"valueName":"search_term_string"}}],"inLanguage":"en-US"}]}},"_links":{"self":[{"href":"https:\/\/fme.hcmut.edu.vn\/en\/wp-json\/wp\/v2\/pages\/811"}],"collection":[{"href":"https:\/\/fme.hcmut.edu.vn\/en\/wp-json\/wp\/v2\/pages"}],"about":[{"href":"https:\/\/fme.hcmut.edu.vn\/en\/wp-json\/wp\/v2\/types\/page"}],"author":[{"embeddable":true,"href":"https:\/\/fme.hcmut.edu.vn\/en\/wp-json\/wp\/v2\/users\/1"}],"replies":[{"embeddable":true,"href":"https:\/\/fme.hcmut.edu.vn\/en\/wp-json\/wp\/v2\/comments?post=811"}],"version-history":[{"count":0,"href":"https:\/\/fme.hcmut.edu.vn\/en\/wp-json\/wp\/v2\/pages\/811\/revisions"}],"wp:attachment":[{"href":"https:\/\/fme.hcmut.edu.vn\/en\/wp-json\/wp\/v2\/media?parent=811"}],"curies":[{"name":"wp","href":"https:\/\/api.w.org\/{rel}","templated":true}]}}